{"id":3519,"date":"2021-06-06T14:08:19","date_gmt":"2021-06-06T14:08:19","guid":{"rendered":"https:\/\/ingch.ch\/wp\/aktuell\/"},"modified":"2025-02-26T19:43:15","modified_gmt":"2025-02-26T19:43:15","slug":"news","status":"publish","type":"page","link":"https:\/\/ingch.ch\/en\/news\/","title":{"rendered":"News"},"content":{"rendered":"<div class=\"wpb-content-wrapper\"><p>[vc_row unlock_row_content=&#8221;yes&#8221; row_height_percent=&#8221;0&#8243; back_color=&#8221;color-lg1&#8243; overlay_alpha=&#8221;50&#8243; gutter_size=&#8221;2&#8243; column_width_percent=&#8221;80&#8243; shift_y=&#8221;0&#8243; z_index=&#8221;0&#8243; css=&#8221;.vc_custom_1628843313966{margin-top: 0px !important;padding-top: 0px !important;padding-right: 0px !important;padding-left: 0px !important;}&#8221; row_name=&#8221;Latest news&#8221;][vc_column column_width_percent=&#8221;100&#8243; align_horizontal=&#8221;align_center&#8221; gutter_size=&#8221;3&#8243; override_padding=&#8221;yes&#8221; column_padding=&#8221;0&#8243; overlay_alpha=&#8221;50&#8243; shift_x=&#8221;0&#8243; shift_y=&#8221;0&#8243; shift_y_down=&#8221;0&#8243; z_index=&#8221;0&#8243; medium_width=&#8221;0&#8243; mobile_width=&#8221;0&#8243; css_animation=&#8221;zoom-in&#8221; width=&#8221;1\/1&#8243;][vc_custom_heading separator_color=&#8221;yes&#8221; separator=&#8221;yes&#8221; sub_reduced=&#8221;yes&#8221;]<\/p>\n<p style=\"text-align: center;\">Latest news<\/p>\n<p>[\/vc_custom_heading][vc_row_inner row_inner_height_percent=&#8221;0&#8243; overlay_alpha=&#8221;50&#8243; gutter_size=&#8221;3&#8243; border_color=&#8221;color-yel&#8221; border_style=&#8221;solid&#8221; shift_y=&#8221;0&#8243; z_index=&#8221;0&#8243; css=&#8221;.vc_custom_1628087110830{border-bottom-width: 2px !important;padding-bottom: 36px !important;}&#8221;][vc_column_inner width=&#8221;1\/1&#8243;][uncode_index el_id=&#8221;index-191653&#8243; isotope_mode=&#8221;fitRows&#8221; loop=&#8221;size:4|order_by:date|order:DESC|post_type:post|categories:132|taxonomy_count:10&#8243; style_preset=&#8221;metro&#8221; screen_lg=&#8221;1200&#8243; screen_md=&#8221;800&#8243; screen_sm=&#8221;600&#8243; gutter_size=&#8221;3&#8243; post_items=&#8221;title,date,text|full|600,link|link|small_size|Read more&#8221; pagination=&#8221;yes&#8221; single_width=&#8221;3&#8243; single_back_color=&#8221;color-xsdn&#8221; single_shape=&#8221;round&#8221; single_overlay_opacity=&#8221;50&#8243; single_padding=&#8221;2&#8243; single_title_dimension=&#8221;h3&#8243; single_shadow=&#8221;yes&#8221; single_css_animation=&#8221;top-t-bottom&#8221;][\/vc_column_inner][\/vc_row_inner][\/vc_column][\/vc_row][vc_row unlock_row_content=&#8221;yes&#8221; row_height_percent=&#8221;0&#8243; override_padding=&#8221;yes&#8221; h_padding=&#8221;2&#8243; top_padding=&#8221;2&#8243; bottom_padding=&#8221;4&#8243; back_color=&#8221;accent&#8221; overlay_alpha=&#8221;50&#8243; gutter_size=&#8221;2&#8243; column_width_use_pixel=&#8221;yes&#8221; shift_y=&#8221;0&#8243; z_index=&#8221;0&#8243; css=&#8221;.vc_custom_1628844331327{margin-top: 0px !important;padding-top: 0px !important;padding-right: 0px !important;padding-left: 0px !important;}&#8221; column_width_pixel=&#8221;1200px&#8221; el_class=&#8221;hide&#8221;][vc_column column_width_percent=&#8221;100&#8243; align_horizontal=&#8221;align_center&#8221; gutter_size=&#8221;3&#8243; override_padding=&#8221;yes&#8221; column_padding=&#8221;0&#8243; overlay_alpha=&#8221;50&#8243; shift_x=&#8221;0&#8243; shift_y=&#8221;0&#8243; shift_y_down=&#8221;0&#8243; z_index=&#8221;0&#8243; medium_width=&#8221;0&#8243; mobile_width=&#8221;0&#8243; css_animation=&#8221;zoom-in&#8221; width=&#8221;1\/1&#8243;][vc_custom_heading separator=&#8221;yes&#8221; sub_reduced=&#8221;yes&#8221;]<\/p>\n<p style=\"text-align: center;\">Press releases (hidden, inactive)<\/p>\n<p>[\/vc_custom_heading][vc_row_inner][vc_column_inner column_width_percent=&#8221;100&#8243; gutter_size=&#8221;3&#8243; override_padding=&#8221;yes&#8221; column_padding=&#8221;2&#8243; overlay_alpha=&#8221;50&#8243; shift_x=&#8221;0&#8243; shift_y=&#8221;0&#8243; shift_y_down=&#8221;0&#8243; z_index=&#8221;0&#8243; medium_width=&#8221;0&#8243; mobile_width=&#8221;0&#8243; width=&#8221;1\/1&#8243;][vc_column_text]<ul class=\"dlm-downloads\"><li><a class=\"download-link\" title=\"Download Technik- und Informatikwoche Gymnasium M\u00fcnsterplatz 2025\" href=\"https:\/\/ingch.ch\/en\/download\/technik-und-informatikwoche-gymnasium-muensterplatz-2025\/?tmstv=1776505828\" rel=\"nofollow\"><h3>Technik- und Informatikwoche Gymnasium M\u00fcnsterplatz 2025<\/h3><\/a>\n    <div class=\"top-reduced\">\n    <a class=\"download-button-link\" title=\"Download Technik- und Informatikwoche Gymnasium M\u00fcnsterplatz 2025\" href=\"https:\/\/ingch.ch\/en\/download\/technik-und-informatikwoche-gymnasium-muensterplatz-2025\/?tmstv=1776505828\" rel=\"nofollow\"> <span class=\"text-uppercase\"> Download (pdf, 111.94 KB)<\/span> <i class=\"fa fa-angle-right fa-slide-out\" aria-hidden=\"true\"><\/i><\/a>\n <\/div><\/li><li><a class=\"download-link\" title=\"Download Technik- und Informatikwoche Stiftsschule Einsiedeln 2025\" href=\"https:\/\/ingch.ch\/en\/download\/medienmitteilung-technik-und-informatikwoche-stiftsschule-einsiedeln-2025\/?tmstv=1776505828\" rel=\"nofollow\"><h3>Technik- und Informatikwoche Stiftsschule Einsiedeln 2025<\/h3><\/a>\n    <div class=\"top-reduced\">\n    <a class=\"download-button-link\" title=\"Download Technik- und Informatikwoche Stiftsschule Einsiedeln 2025\" href=\"https:\/\/ingch.ch\/en\/download\/medienmitteilung-technik-und-informatikwoche-stiftsschule-einsiedeln-2025\/?tmstv=1776505828\" rel=\"nofollow\"> <span class=\"text-uppercase\"> Download (pdf, 160.80 KB)<\/span> <i class=\"fa fa-angle-right fa-slide-out\" aria-hidden=\"true\"><\/i><\/a>\n <\/div><\/li><li><a class=\"download-link\" title=\"Download Schlussbericht FHNW Meitli-Technik-Tage (2020-2024)\" href=\"https:\/\/ingch.ch\/en\/download\/schlussbericht-fhnw-meitli-technik-tage-2020-2024\/?tmstv=1776505828\" rel=\"nofollow\"><h3>Schlussbericht FHNW Meitli-Technik-Tage (2020-2024)<\/h3><\/a>\n    <div class=\"top-reduced\">\n  <p>Z\u00fcrich, 30. August 2023: Die Meitli-Technik-Tage erm\u00f6glichen Sch\u00fclerinnen der Sekundarstufe I einen Einblick in die technische Berufswelt und in die Informatik.<\/p>\n  <a class=\"download-button-link\" title=\"Download Schlussbericht FHNW Meitli-Technik-Tage (2020-2024)\" href=\"https:\/\/ingch.ch\/en\/download\/schlussbericht-fhnw-meitli-technik-tage-2020-2024\/?tmstv=1776505828\" rel=\"nofollow\"> <span class=\"text-uppercase\"> Download (pdf, 214.49 KB)<\/span> <i class=\"fa fa-angle-right fa-slide-out\" aria-hidden=\"true\"><\/i><\/a>\n <\/div><\/li><\/ul>\n\t\t\t\t[\/vc_column_text][\/vc_column_inner][\/vc_row_inner][\/vc_column][\/vc_row][vc_row unlock_row_content=&#8221;yes&#8221; row_height_percent=&#8221;0&#8243; back_color=&#8221;color-lg1&#8243; overlay_alpha=&#8221;50&#8243; gutter_size=&#8221;2&#8243; column_width_percent=&#8221;80&#8243; shift_y=&#8221;0&#8243; z_index=&#8221;0&#8243; desktop_visibility=&#8221;yes&#8221; medium_visibility=&#8221;yes&#8221; mobile_visibility=&#8221;yes&#8221; css=&#8221;.vc_custom_1661358894457{margin-top: 0px !important;padding-top: 0px !important;padding-right: 0px !important;padding-left: 0px !important;}&#8221; row_name=&#8221;Latest publications&#8221; el_class=&#8221;hide&#8221;][vc_column column_width_percent=&#8221;100&#8243; align_horizontal=&#8221;align_center&#8221; gutter_size=&#8221;3&#8243; override_padding=&#8221;yes&#8221; column_padding=&#8221;0&#8243; overlay_alpha=&#8221;50&#8243; shift_x=&#8221;0&#8243; shift_y=&#8221;0&#8243; shift_y_down=&#8221;0&#8243; z_index=&#8221;0&#8243; medium_width=&#8221;0&#8243; mobile_width=&#8221;0&#8243; css_animation=&#8221;zoom-in&#8221; width=&#8221;1\/1&#8243;][vc_custom_heading separator_color=&#8221;yes&#8221; separator=&#8221;yes&#8221; sub_reduced=&#8221;yes&#8221;]<\/p>\n<p style=\"text-align: center;\">The latest publications (old)<\/p>\n<p>[\/vc_custom_heading][vc_row_inner][vc_column_inner column_width_percent=&#8221;100&#8243; align_horizontal=&#8221;align_center&#8221; gutter_size=&#8221;3&#8243; overlay_alpha=&#8221;50&#8243; shift_x=&#8221;0&#8243; shift_y=&#8221;0&#8243; shift_y_down=&#8221;0&#8243; z_index=&#8221;0&#8243; medium_width=&#8221;0&#8243; mobile_width=&#8221;0&#8243; width=&#8221;1\/4&#8243;][vc_column_text]<div class='dlm-downloads'><div class='download-thumbnail-grid'>\n\n  <div class=\"download-box thumbnail\">\n  <a class=\"download-area\" title=\"\" href=\"https:\/\/ingch.ch\/en\/download\/ingch-annual-report-2024-2025\/?tmstv=1776505828\" rel=\"nofollow\" target=\"_blank\">\n     \n  <div class=\"imageContainer\">\n        <img decoding=\"async\" class=\"dlm_thumbnail\" src=\"https:\/\/ingch.ch\/wp\/wp-content\/uploads\/dlm_uploads\/-pdf.jpg\" alt=\"IngCH annual report 2024\/2025-title\">\n    <\/div>\n\t<h4>IngCH annual report 2024\/2025<\/h4>\n    <\/a>\n\n\t<div class=\"download-box-content thumbnail text-small top-reduced\">\n          <p class=\"text-small text-uppercase\">(, )<\/p>\n\n\t<\/div>\n<\/div>\n\n\n\n\n\n<\/div><\/div>\n\t\t\t\t[\/vc_column_text][\/vc_column_inner][vc_column_inner column_width_percent=&#8221;100&#8243; align_horizontal=&#8221;align_center&#8221; gutter_size=&#8221;3&#8243; overlay_alpha=&#8221;50&#8243; shift_x=&#8221;0&#8243; shift_y=&#8221;0&#8243; shift_y_down=&#8221;0&#8243; z_index=&#8221;0&#8243; medium_width=&#8221;0&#8243; mobile_width=&#8221;0&#8243; width=&#8221;1\/4&#8243;][vc_column_text][\/vc_column_text][\/vc_column_inner][vc_column_inner column_width_percent=&#8221;100&#8243; align_horizontal=&#8221;align_center&#8221; gutter_size=&#8221;3&#8243; overlay_alpha=&#8221;50&#8243; shift_x=&#8221;0&#8243; shift_y=&#8221;0&#8243; shift_y_down=&#8221;0&#8243; z_index=&#8221;0&#8243; medium_width=&#8221;0&#8243; mobile_width=&#8221;0&#8243; width=&#8221;1\/4&#8243;][vc_column_text]<div class='dlm-downloads'><div class='download-thumbnail-grid'>\n\n  <div class=\"download-box thumbnail\">\n  <a class=\"download-area\" title=\"\" href=\"https:\/\/ingch.ch\/en\/download\/ingflash-62\/?tmstv=1776505828\" rel=\"nofollow\" target=\"_blank\">\n     \n  <div class=\"imageContainer\">\n        <img decoding=\"async\" class=\"dlm_thumbnail\" src=\"https:\/\/ingch.ch\/wp\/wp-content\/uploads\/dlm_uploads\/IngFlash_62_Screen-pdf.jpg\" alt=\"IngFLASH 62 2021-title\">\n    <\/div>\n\t<h4>IngFLASH 62 2021<\/h4>\n    <\/a>\n\n\t<div class=\"download-box-content thumbnail text-small top-reduced\">\n  <p>Der Ingenieurberuf im Wandel der Zeit<br \/>\nLa profession d<b>\u2019<\/b>ing\u00e9nieur \u00e0 travers les \u00e2ges<\/p>\n        <p class=\"text-small text-uppercase\">(pdf, 4.43 MB)<\/p>\n\n\t<\/div>\n<\/div>\n\n\n\n\n\n<\/div><\/div>\n\t\t\t\t[\/vc_column_text][vc_button button_color=&#8221;accent&#8221; text_skin=&#8221;yes&#8221; border_width=&#8221;0&#8243; icon_position=&#8221;right&#8221; link=&#8221;url:https%3A%2F%2Fingch.ch%2Fingflash%2F|title:IngFLASH|target:_blank&#8221; icon=&#8221;fa fa-open&#8221;]IngFLASH Online [\/vc_button][\/vc_column_inner][vc_column_inner column_width_percent=&#8221;100&#8243; align_horizontal=&#8221;align_center&#8221; gutter_size=&#8221;3&#8243; overlay_alpha=&#8221;50&#8243; shift_x=&#8221;0&#8243; shift_y=&#8221;0&#8243; shift_y_down=&#8221;0&#8243; z_index=&#8221;0&#8243; medium_width=&#8221;0&#8243; mobile_width=&#8221;0&#8243; width=&#8221;1\/4&#8243;][vc_icon icon=&#8221;fa fa-bargraph&#8221; icon_color=&#8221;accent&#8221; background_style=&#8221;fa-rounded&#8221; size=&#8221;fa-3x&#8221; text_size=&#8221;h4&#8243; text_lead=&#8221;small&#8221; title=&#8221;Ingenieur-Nachwuchs Schweiz&#8221; el_class=&#8221;box-padding style-color-xsdn-bg unshadow-sm unradius-sm&#8221;]Seit August 2021 werden die f\u00fcr die Studie &#8220;Ingenieur-Nachwuchs Schweiz&#8221; relevanten Daten als interaktives Dashboard online dargestellt.[\/vc_icon][vc_button button_color=&#8221;accent&#8221; text_skin=&#8221;yes&#8221; border_width=&#8221;0&#8243; icon_position=&#8221;right&#8221; link=&#8221;url:https%3A%2F%2Fingch.ch%2Fen%2Fdashboard%2F|title:Dashboard|target:_blank&#8221; icon=&#8221;fa fa-open&#8221;]To study dashboard[\/vc_button][\/vc_column_inner][\/vc_row_inner][\/vc_column][\/vc_row][vc_row unlock_row_content=&#8221;yes&#8221; row_height_percent=&#8221;0&#8243; back_color=&#8221;color-lg1&#8243; overlay_alpha=&#8221;50&#8243; gutter_size=&#8221;2&#8243; column_width_percent=&#8221;100&#8243; shift_y=&#8221;0&#8243; z_index=&#8221;0&#8243; css=&#8221;.vc_custom_1661351890106{margin-top: 0px !important;padding-top: 0px !important;padding-right: 0px !important;padding-left: 0px !important;}&#8221; row_name=&#8221;Publikationen&#8221;][vc_column column_width_percent=&#8221;100&#8243; align_horizontal=&#8221;align_center&#8221; gutter_size=&#8221;3&#8243; override_padding=&#8221;yes&#8221; column_padding=&#8221;0&#8243; overlay_alpha=&#8221;50&#8243; shift_x=&#8221;0&#8243; shift_y=&#8221;0&#8243; shift_y_down=&#8221;0&#8243; z_index=&#8221;0&#8243; medium_width=&#8221;0&#8243; mobile_width=&#8221;0&#8243; css_animation=&#8221;zoom-in&#8221; width=&#8221;1\/6&#8243;][\/vc_column][vc_column column_width_percent=&#8221;100&#8243; align_horizontal=&#8221;align_center&#8221; gutter_size=&#8221;3&#8243; overlay_alpha=&#8221;50&#8243; shift_x=&#8221;0&#8243; shift_y=&#8221;0&#8243; shift_y_down=&#8221;0&#8243; z_index=&#8221;0&#8243; medium_width=&#8221;0&#8243; mobile_width=&#8221;0&#8243; width=&#8221;2\/3&#8243;][vc_custom_heading separator_color=&#8221;yes&#8221; separator=&#8221;yes&#8221; sub_reduced=&#8221;yes&#8221;]<\/p>\n<p style=\"text-align: center;\">The latest publications<\/p>\n<p>[\/vc_custom_heading][vc_row_inner row_inner_height_percent=&#8221;0&#8243; overlay_alpha=&#8221;50&#8243; gutter_size=&#8221;3&#8243; shift_y=&#8221;0&#8243; z_index=&#8221;0&#8243;][vc_column_inner column_width_percent=&#8221;100&#8243; align_horizontal=&#8221;align_center&#8221; gutter_size=&#8221;3&#8243; overlay_alpha=&#8221;50&#8243; shift_x=&#8221;0&#8243; shift_y=&#8221;0&#8243; shift_y_down=&#8221;0&#8243; z_index=&#8221;0&#8243; medium_width=&#8221;0&#8243; mobile_width=&#8221;0&#8243; width=&#8221;1\/3&#8243;][vc_custom_heading heading_semantic=&#8221;h3&#8243; text_size=&#8221;h4&#8243; sub_reduced=&#8221;yes&#8221;]<\/p>\n<p style=\"text-align: center;\"><strong>IngCH Online Annual Report<br \/>\n<\/strong><\/p>\n<p>[\/vc_custom_heading][vc_single_image media=&#8221;12120&#8243; media_width_percent=&#8221;100&#8243; shadow=&#8221;yes&#8221; media_link=&#8221;url:https%3A%2F%2Fjb.ingch.ch%2Fen%2F|title:Online%20Annual%20Report|target:_blank&#8221; el_class=&#8221;publication-image&#8221; uncode_shortcode_id=&#8221;147957&#8243;][vc_button button_color=&#8221;accent&#8221; text_skin=&#8221;yes&#8221; border_width=&#8221;0&#8243; icon_position=&#8221;right&#8221; link=&#8221;url:https%3A%2F%2Fjb.ingch.ch%2Fen%2F|title:Online%20Annual%20Report|target:_blank&#8221; icon=&#8221;fa fa-open&#8221;]Online Annual Report[\/vc_button][\/vc_column_inner][vc_column_inner column_width_percent=&#8221;100&#8243; align_horizontal=&#8221;align_center&#8221; gutter_size=&#8221;3&#8243; overlay_alpha=&#8221;50&#8243; shift_x=&#8221;0&#8243; shift_y=&#8221;0&#8243; shift_y_down=&#8221;0&#8243; z_index=&#8221;0&#8243; medium_width=&#8221;0&#8243; mobile_width=&#8221;0&#8243; width=&#8221;1\/3&#8243;][vc_custom_heading heading_semantic=&#8221;h3&#8243; text_size=&#8221;h4&#8243; sub_reduced=&#8221;yes&#8221;]<\/p>\n<p style=\"text-align: center;\"><strong>IngFLASH<\/strong><\/p>\n<p>[\/vc_custom_heading][vc_single_image media=&#8221;12125&#8243; media_width_percent=&#8221;100&#8243; shadow=&#8221;yes&#8221; media_link=&#8221;url:https%3A%2F%2Fingch.ch%2Fingflash%2F|title:IngFlash%20Online|target:_blank&#8221; el_class=&#8221;publication-image&#8221; uncode_shortcode_id=&#8221;134284&#8243;][vc_button button_color=&#8221;accent&#8221; text_skin=&#8221;yes&#8221; border_width=&#8221;0&#8243; icon_position=&#8221;right&#8221; link=&#8221;url:https%3A%2F%2Fingch.ch%2Fingflash%2F|title:IngFLASH|target:_blank&#8221; icon=&#8221;fa fa-open&#8221;]IngFLASH Online [\/vc_button][\/vc_column_inner][vc_column_inner column_width_percent=&#8221;100&#8243; align_horizontal=&#8221;align_center&#8221; gutter_size=&#8221;3&#8243; overlay_alpha=&#8221;50&#8243; shift_x=&#8221;0&#8243; shift_y=&#8221;0&#8243; shift_y_down=&#8221;0&#8243; z_index=&#8221;0&#8243; medium_width=&#8221;0&#8243; mobile_width=&#8221;0&#8243; width=&#8221;1\/3&#8243;][vc_custom_heading heading_semantic=&#8221;h3&#8243; text_size=&#8221;h4&#8243; sub_reduced=&#8221;yes&#8221; uncode_shortcode_id=&#8221;187582&#8243;]<\/p>\n<p style=\"text-align: center;\"><strong>Dashboard<\/strong><\/p>\n<p>[\/vc_custom_heading][vc_single_image media=&#8221;5875&#8243; media_width_percent=&#8221;100&#8243; shadow=&#8221;yes&#8221; media_link=&#8221;url:https%3A%2F%2Fingch.ch%2Fen%2Fdashboard%2F|title:Study%20Dashboard|target:_blank&#8221; el_class=&#8221;publication-image&#8221;][vc_button button_color=&#8221;accent&#8221; text_skin=&#8221;yes&#8221; border_width=&#8221;0&#8243; icon_position=&#8221;right&#8221; link=&#8221;url:https%3A%2F%2Fingch.ch%2Fen%2Fdashboard%2F|title:Dashboard|target:_blank&#8221; icon=&#8221;fa fa-open&#8221;]To study dashboard[\/vc_button][\/vc_column_inner][\/vc_row_inner][\/vc_column][vc_column width=&#8221;1\/6&#8243;][\/vc_column][\/vc_row]<\/p>\n<\/div>","protected":false},"excerpt":{"rendered":"<p>[vc_row unlock_row_content=&#8221;yes&#8221; row_height_percent=&#8221;0&#8243; back_color=&#8221;color-lg1&#8243; overlay_alpha=&#8221;50&#8243; gutter_size=&#8221;2&#8243; column_width_percent=&#8221;80&#8243; shift_y=&#8221;0&#8243; z_index=&#8221;0&#8243; css=&#8221;.vc_custom_1628843313966{margin-top: 0px !important;padding-top: 0px !important;padding-right: 0px !important;padding-left: 0px !important;}&#8221; row_name=&#8221;Latest news&#8221;][vc_column&hellip; <a class=\"continue\" href=\"https:\/\/ingch.ch\/en\/news\/\">Continue Reading<span> News<\/span><\/a><\/p>\n","protected":false},"author":1,"featured_media":0,"parent":0,"menu_order":0,"comment_status":"closed","ping_status":"closed","template":"","meta":{"inline_featured_image":false,"footnotes":""},"class_list":["post-3519","page","type-page","status-publish","hentry"],"yoast_head":"<!-- This site is optimized with the Yoast SEO plugin v26.8 - https:\/\/yoast.com\/product\/yoast-seo-wordpress\/ -->\n<title>News - IngCH<\/title>\n<meta name=\"robots\" content=\"index, follow, max-snippet:-1, max-image-preview:large, max-video-preview:-1\" \/>\n<link rel=\"canonical\" href=\"https:\/\/ingch.ch\/en\/news\/\" \/>\n<meta property=\"og:locale\" content=\"en_US\" \/>\n<meta property=\"og:type\" content=\"article\" \/>\n<meta property=\"og:title\" content=\"News - IngCH\" \/>\n<meta property=\"og:description\" content=\"[vc_row unlock_row_content=&#8221;yes&#8221; row_height_percent=&#8221;0&#8243; back_color=&#8221;color-lg1&#8243; overlay_alpha=&#8221;50&#8243; gutter_size=&#8221;2&#8243; column_width_percent=&#8221;80&#8243; shift_y=&#8221;0&#8243; z_index=&#8221;0&#8243; css=&#8221;.vc_custom_1628843313966{margin-top: 0px !important;padding-top: 0px !important;padding-right: 0px !important;padding-left: 0px !important;}&#8221; row_name=&#8221;Latest news&#8221;][vc_column&hellip; Continue Reading News\" \/>\n<meta property=\"og:url\" content=\"https:\/\/ingch.ch\/en\/news\/\" \/>\n<meta property=\"og:site_name\" content=\"IngCH\" \/>\n<meta property=\"article:publisher\" content=\"https:\/\/facebook.com\/ingch2\/\" \/>\n<meta property=\"article:modified_time\" content=\"2025-02-26T19:43:15+00:00\" \/>\n<meta name=\"twitter:card\" content=\"summary_large_image\" \/>\n<meta name=\"twitter:label1\" content=\"Est. reading time\" \/>\n\t<meta name=\"twitter:data1\" content=\"3 minutes\" \/>\n<script type=\"application\/ld+json\" class=\"yoast-schema-graph\">{\"@context\":\"https:\/\/schema.org\",\"@graph\":[{\"@type\":\"WebPage\",\"@id\":\"https:\/\/ingch.ch\/en\/news\/\",\"url\":\"https:\/\/ingch.ch\/en\/news\/\",\"name\":\"News - IngCH\",\"isPartOf\":{\"@id\":\"https:\/\/ingch.ch\/en\/#website\"},\"datePublished\":\"2021-06-06T14:08:19+00:00\",\"dateModified\":\"2025-02-26T19:43:15+00:00\",\"breadcrumb\":{\"@id\":\"https:\/\/ingch.ch\/en\/news\/#breadcrumb\"},\"inLanguage\":\"en-US\",\"potentialAction\":[{\"@type\":\"ReadAction\",\"target\":[\"https:\/\/ingch.ch\/en\/news\/\"]}]},{\"@type\":\"BreadcrumbList\",\"@id\":\"https:\/\/ingch.ch\/en\/news\/#breadcrumb\",\"itemListElement\":[{\"@type\":\"ListItem\",\"position\":1,\"name\":\"Startseite\",\"item\":\"https:\/\/ingch.ch\/en\/\"},{\"@type\":\"ListItem\",\"position\":2,\"name\":\"News\"}]},{\"@type\":\"WebSite\",\"@id\":\"https:\/\/ingch.ch\/en\/#website\",\"url\":\"https:\/\/ingch.ch\/en\/\",\"name\":\"IngCH\",\"description\":\"MINT for our future\",\"publisher\":{\"@id\":\"https:\/\/ingch.ch\/en\/#organization\"},\"potentialAction\":[{\"@type\":\"SearchAction\",\"target\":{\"@type\":\"EntryPoint\",\"urlTemplate\":\"https:\/\/ingch.ch\/en\/?s={search_term_string}\"},\"query-input\":{\"@type\":\"PropertyValueSpecification\",\"valueRequired\":true,\"valueName\":\"search_term_string\"}}],\"inLanguage\":\"en-US\"},{\"@type\":\"Organization\",\"@id\":\"https:\/\/ingch.ch\/en\/#organization\",\"name\":\"IngCH Engineers Shape our Future\",\"url\":\"https:\/\/ingch.ch\/en\/\",\"logo\":{\"@type\":\"ImageObject\",\"inLanguage\":\"en-US\",\"@id\":\"https:\/\/ingch.ch\/en\/#\/schema\/logo\/image\/\",\"url\":\"https:\/\/ingch.ch\/wp\/wp-content\/uploads\/2021\/06\/ingch_logo-RGB.svg\",\"contentUrl\":\"https:\/\/ingch.ch\/wp\/wp-content\/uploads\/2021\/06\/ingch_logo-RGB.svg\",\"width\":\"156\",\"height\":\"87\",\"caption\":\"IngCH Engineers Shape our Future\"},\"image\":{\"@id\":\"https:\/\/ingch.ch\/en\/#\/schema\/logo\/image\/\"},\"sameAs\":[\"https:\/\/facebook.com\/ingch2\/\",\"https:\/\/www.youtube.com\/user\/IngCH2\"]}]}<\/script>\n<!-- \/ Yoast SEO plugin. -->","yoast_head_json":{"title":"News - IngCH","robots":{"index":"index","follow":"follow","max-snippet":"max-snippet:-1","max-image-preview":"max-image-preview:large","max-video-preview":"max-video-preview:-1"},"canonical":"https:\/\/ingch.ch\/en\/news\/","og_locale":"en_US","og_type":"article","og_title":"News - IngCH","og_description":"[vc_row unlock_row_content=&#8221;yes&#8221; row_height_percent=&#8221;0&#8243; back_color=&#8221;color-lg1&#8243; overlay_alpha=&#8221;50&#8243; gutter_size=&#8221;2&#8243; column_width_percent=&#8221;80&#8243; shift_y=&#8221;0&#8243; z_index=&#8221;0&#8243; css=&#8221;.vc_custom_1628843313966{margin-top: 0px !important;padding-top: 0px !important;padding-right: 0px !important;padding-left: 0px !important;}&#8221; row_name=&#8221;Latest news&#8221;][vc_column&hellip; Continue Reading News","og_url":"https:\/\/ingch.ch\/en\/news\/","og_site_name":"IngCH","article_publisher":"https:\/\/facebook.com\/ingch2\/","article_modified_time":"2025-02-26T19:43:15+00:00","twitter_card":"summary_large_image","twitter_misc":{"Est. reading time":"3 minutes"},"schema":{"@context":"https:\/\/schema.org","@graph":[{"@type":"WebPage","@id":"https:\/\/ingch.ch\/en\/news\/","url":"https:\/\/ingch.ch\/en\/news\/","name":"News - IngCH","isPartOf":{"@id":"https:\/\/ingch.ch\/en\/#website"},"datePublished":"2021-06-06T14:08:19+00:00","dateModified":"2025-02-26T19:43:15+00:00","breadcrumb":{"@id":"https:\/\/ingch.ch\/en\/news\/#breadcrumb"},"inLanguage":"en-US","potentialAction":[{"@type":"ReadAction","target":["https:\/\/ingch.ch\/en\/news\/"]}]},{"@type":"BreadcrumbList","@id":"https:\/\/ingch.ch\/en\/news\/#breadcrumb","itemListElement":[{"@type":"ListItem","position":1,"name":"Startseite","item":"https:\/\/ingch.ch\/en\/"},{"@type":"ListItem","position":2,"name":"News"}]},{"@type":"WebSite","@id":"https:\/\/ingch.ch\/en\/#website","url":"https:\/\/ingch.ch\/en\/","name":"IngCH","description":"MINT for our future","publisher":{"@id":"https:\/\/ingch.ch\/en\/#organization"},"potentialAction":[{"@type":"SearchAction","target":{"@type":"EntryPoint","urlTemplate":"https:\/\/ingch.ch\/en\/?s={search_term_string}"},"query-input":{"@type":"PropertyValueSpecification","valueRequired":true,"valueName":"search_term_string"}}],"inLanguage":"en-US"},{"@type":"Organization","@id":"https:\/\/ingch.ch\/en\/#organization","name":"IngCH Engineers Shape our Future","url":"https:\/\/ingch.ch\/en\/","logo":{"@type":"ImageObject","inLanguage":"en-US","@id":"https:\/\/ingch.ch\/en\/#\/schema\/logo\/image\/","url":"https:\/\/ingch.ch\/wp\/wp-content\/uploads\/2021\/06\/ingch_logo-RGB.svg","contentUrl":"https:\/\/ingch.ch\/wp\/wp-content\/uploads\/2021\/06\/ingch_logo-RGB.svg","width":"156","height":"87","caption":"IngCH Engineers Shape our Future"},"image":{"@id":"https:\/\/ingch.ch\/en\/#\/schema\/logo\/image\/"},"sameAs":["https:\/\/facebook.com\/ingch2\/","https:\/\/www.youtube.com\/user\/IngCH2"]}]}},"_links":{"self":[{"href":"https:\/\/ingch.ch\/en\/wp-json\/wp\/v2\/pages\/3519","targetHints":{"allow":["GET"]}}],"collection":[{"href":"https:\/\/ingch.ch\/en\/wp-json\/wp\/v2\/pages"}],"about":[{"href":"https:\/\/ingch.ch\/en\/wp-json\/wp\/v2\/types\/page"}],"author":[{"embeddable":true,"href":"https:\/\/ingch.ch\/en\/wp-json\/wp\/v2\/users\/1"}],"replies":[{"embeddable":true,"href":"https:\/\/ingch.ch\/en\/wp-json\/wp\/v2\/comments?post=3519"}],"version-history":[{"count":16,"href":"https:\/\/ingch.ch\/en\/wp-json\/wp\/v2\/pages\/3519\/revisions"}],"predecessor-version":[{"id":12130,"href":"https:\/\/ingch.ch\/en\/wp-json\/wp\/v2\/pages\/3519\/revisions\/12130"}],"wp:attachment":[{"href":"https:\/\/ingch.ch\/en\/wp-json\/wp\/v2\/media?parent=3519"}],"curies":[{"name":"wp","href":"https:\/\/api.w.org\/{rel}","templated":true}]}}