{"id":3554,"date":"2021-06-06T11:02:12","date_gmt":"2021-06-06T11:02:12","guid":{"rendered":"https:\/\/ingch.ch\/wp\/newsletter\/"},"modified":"2021-08-24T14:28:19","modified_gmt":"2021-08-24T14:28:19","slug":"newsletter","status":"publish","type":"page","link":"https:\/\/ingch.ch\/fr\/newsletter\/","title":{"rendered":"Newsletter"},"content":{"rendered":"<div class=\"wpb-content-wrapper\"><p>[vc_row unlock_row=\u00a0\u00bb\u00a0\u00bb row_height_percent=\u00a0\u00bb0&Prime; overlay_alpha=\u00a0\u00bb50&Prime; gutter_size=\u00a0\u00bb3&Prime; column_width_percent=\u00a0\u00bb60&Prime; shift_y=\u00a0\u00bb0&Prime; z_index=\u00a0\u00bb0&Prime;][vc_column][vc_column_text]Veuillez remplir le formulaire de cette page pour int\u00e9grer notre liste de diffusion.<\/p>\n<h2>S\u2019abonner \u00e0 la newsletter<\/h2>\n<p>En envoyant le formulaire, vous d\u00e9clarez que vous acceptez de recevoir des e-mails r\u00e9guliers contenant les actualit\u00e9s d\u2019IngCH. Vous pouvez vous d\u00e9sabonner \u00e0 tout moment.[\/vc_column_text][vc_raw_html]JTNDJTIxLS0lMjBCZWdpbiUyME1haWxjaGltcCUyMFNpZ251cCUyMEZvcm0lMjAtLSUzRSUwQSUzQ2RpdiUyMHJvbGUlM0QlMjJmb3JtJTIyJTIwbGFuZyUzRCUyMmZyLUZSJTIyJTIwaWQlM0QlMjJtY19lbWJlZF9zaWdudXAlMjIlM0UlMEElM0NkaXYlMjBjbGFzcyUzRCUyMnNjcmVlbi1yZWFkZXItcmVzcG9uc2UlMjIlM0UlM0NwJTIwcm9sZSUzRCUyMnN0YXR1cyUyMiUyMGFyaWEtbGl2ZSUzRCUyMnBvbGl0ZSUyMiUyMGFyaWEtYXRvbWljJTNEJTIydHJ1ZSUyMiUzRSUzQyUyRnAlM0UlMjAlM0N1bCUzRSUzQyUyRnVsJTNFJTNDJTJGZGl2JTNFJTBBJTNDZm9ybSUyMGFjdGlvbiUzRCUyMmh0dHBzJTNBJTJGJTJGc2VuYXJjbGVucy51czkubGlzdC1tYW5hZ2UuY29tJTJGc3Vic2NyaWJlJTJGcG9zdCUzRnUlM0RmOWVhYWMyNDQ1ZGRiMjRjYjFmZDkxZjVkJTI2YW1wJTNCaWQlM0RmN2EwZDIxNTJiJTIyJTIwbWV0aG9kJTNEJTIycG9zdCUyMiUyMGlkJTNEJTIybWMtZW1iZWRkZWQtc3Vic2NyaWJlLWZvcm0lMjIlMjBuYW1lJTNEJTIybWMtZW1iZWRkZWQtc3Vic2NyaWJlLWZvcm0lMjIlMjBjbGFzcyUzRCUyMnZhbGlkYXRlJTIyJTIwdGFyZ2V0JTNEJTIyX2JsYW5rJTIyJTIwbm92YWxpZGF0ZSUzRSUwQSUyMCUyMCUyMCUyMCUzQ2RpdiUyMGlkJTNEJTIybWNfZW1iZWRfc2lnbnVwX3Njcm9sbCUyMiUzRSUwQSUzQ2RpdiUyMGNsYXNzJTNEJTIyaW5kaWNhdGVzLXJlcXVpcmVkJTIwdGV4dC1zbWFsbCUyMiUzRUxlcyUyMGNoYW1wcyUyMG9ibGlnYXRvaXJlcyUyMHNvbnQlMjBtYXJxdSVDMyVBOXMlMjBkJUUyJTgwJTk5dW4lMjAlM0NzcGFuJTIwY2xhc3MlM0QlMjJhc3RlcmlzayUyMiUzRSUyQSUzQyUyRnNwYW4lM0UlM0MlMkZkaXYlM0UlMEElM0NkaXYlMjBjbGFzcyUzRCUyMm1jLWZpZWxkLWdyb3VwJTIyJTNFJTBBJTIwJTIwJTIwJTIwJTIwJTIwJTIwJTIwJTIwJTIwJTIwJTIwJTIwJTIwJTIwJTIwJTNDbGFiZWwlMjBmb3IlM0QlMjJtY2UtRk5BTUUlMjIlM0VQciVDMyVBOW5vbSUzQyUyRmxhYmVsJTNFJTBBJTIwJTIwJTIwJTIwJTIwJTIwJTIwJTIwJTIwJTIwJTIwJTIwJTIwJTIwJTIwJTIwJTNDaW5wdXQlMjB0eXBlJTNEJTIydGV4dCUyMiUyMHZhbHVlJTNEJTIyJTIyJTIwbmFtZSUzRCUyMkZOQU1FJTIyJTIwY2xhc3MlM0QlMjIlMjIlMjBpZCUzRCUyMm1jZS1GTkFNRSUyMiUzRSUwQSUzQyUyRmRpdiUzRSUwQSUzQ2RpdiUyMGNsYXNzJTNEJTIybWMtZmllbGQtZ3JvdXAlMjIlM0UlMEElMjAlMjAlMjAlMjAlMjAlMjAlMjAlMjAlMjAlMjAlMjAlMjAlMjAlMjAlMjAlMjAlM0NsYWJlbCUyMGZvciUzRCUyMm1jZS1MTkFNRSUyMiUzRU5vbSUzQyUyRmxhYmVsJTNFJTBBJTIwJTIwJTIwJTIwJTIwJTIwJTIwJTIwJTIwJTIwJTIwJTIwJTIwJTIwJTIwJTIwJTNDaW5wdXQlMjB0eXBlJTNEJTIydGV4dCUyMiUyMHZhbHVlJTNEJTIyJTIyJTIwbmFtZSUzRCUyMkxOQU1FJTIyJTIwY2xhc3MlM0QlMjIlMjIlMjBpZCUzRCUyMm1jZS1MTkFNRSUyMiUzRSUwQSUzQyUyRmRpdiUzRSUwQSUzQ2RpdiUyMGNsYXNzJTNEJTIybWMtZmllbGQtZ3JvdXAlMjIlM0UlMEElMjAlMjAlMjAlMjAlMjAlMjAlMjAlMjAlMjAlMjAlMjAlMjAlMjAlMjAlMjAlMjAlM0NsYWJlbCUyMGZvciUzRCUyMm1jZS1FTUFJTCUyMiUzRUUtbWFpbCUyMCUzQ3NwYW4lMjBjbGFzcyUzRCUyMmFzdGVyaXNrJTIyJTNFJTJBJTNDJTJGc3BhbiUzRSUzQyUyRmxhYmVsJTNFJTBBJTIwJTIwJTIwJTIwJTIwJTIwJTIwJTIwJTIwJTIwJTIwJTIwJTIwJTIwJTIwJTIwJTNDaW5wdXQlMjB0eXBlJTNEJTIyZW1haWwlMjIlMjB2YWx1ZSUzRCUyMiUyMiUyMG5hbWUlM0QlMjJFTUFJTCUyMiUyMGNsYXNzJTNEJTIycmVxdWlyZWQlMjBlbWFpbCUyMiUyMGlkJTNEJTIybWNlLUVNQUlMJTIyJTNFJTBBJTNDJTJGZGl2JTNFJTBBJTNDZGl2JTIwY2xhc3MlM0QlMjJtYy1maWVsZC1ncm91cCUyMGlucHV0LWdyb3VwJTIyJTNFJTBBJTIwJTIwJTIwJTIwJTNDc3Ryb25nJTNFSmUlMjBzb3VoYWl0ZSUyMHJlY2V2b2lyJTIwbGVzJTIwbmV3c2xldHRlcnMlMjBzdWl2YW50ZXMlM0ElM0MlMkZzdHJvbmclM0UlMEElMjAlMjAlMjAlMjAlM0NkaXYlM0UlM0NpbnB1dCUyMHR5cGUlM0QlMjJjaGVja2JveCUyMiUyMHZhbHVlJTNEJTIyMSUyMiUyMG5hbWUlM0QlMjJncm91cCU1QjQlNUQlNUIxJTVEJTIyJTIwaWQlM0QlMjJtY2UtZ3JvdXAlNUI0JTVELTQtMCUyMiUzRSUzQ2xhYmVsJTIwZm9yJTNEJTIybWNlLWdyb3VwJTVCNCU1RC00LTAlMjIlM0VNYWdhemluZSUyMGVuJTIwbGlnbmUlMjBJbmdGTEFTSCUzQyUyRmxhYmVsJTNFJTNDJTJGZGl2JTNFJTBBJTNDZGl2JTNFJTNDaW5wdXQlMjB0eXBlJTNEJTIyY2hlY2tib3glMjIlMjB2YWx1ZSUzRCUyMjIlMjIlMjBuYW1lJTNEJTIyZ3JvdXAlNUI0JTVEJTVCMiU1RCUyMiUyMGlkJTNEJTIybWNlLWdyb3VwJTVCNCU1RC00LTElMjIlM0UlM0NsYWJlbCUyMGZvciUzRCUyMm1jZS1ncm91cCU1QjQlNUQtNC0xJTIyJTNFUHJvbW90aW9uJTIwZGUlMjBsYSUyMHJlbCVDMyVBOHZlJTIwZXQlMjBhY3Rpdml0JUMzJUE5cyUyMGQlRTIlODAlOTlJbmdDSCUzQyUyRmxhYmVsJTNFJTNDJTJGZGl2JTNFJTBBJTNDJTJGZGl2JTNFJTBBJTIwJTIwJTIwJTIwJTIwJTIwJTIwJTIwJTIwJTIwJTIwJTIwJTIwJTIwJTIwJTIwJTNDZGl2JTIwaWQlM0QlMjJtY2UtcmVzcG9uc2VzJTIyJTIwY2xhc3MlM0QlMjJjbGVhciUyMiUzRSUwQSUyMCUyMCUyMCUyMCUyMCUyMCUyMCUyMCUyMCUyMCUyMCUyMCUyMCUyMCUyMCUyMCUyMCUyMCUyMCUyMCUyMCUyMCUyMCUyMCUyMCUyMCUyMCUyMCUyMCUyMCUyMCUzQ2RpdiUyMGNsYXNzJTNEJTIycmVzcG9uc2UlMjIlMjBpZCUzRCUyMm1jZS1lcnJvci1yZXNwb25zZSUyMiUyMHN0eWxlJTNEJTIyZGlzcGxheSUzQW5vbmUlMjIlM0UlM0MlMkZkaXYlM0UlMEElMjAlMjAlMjAlMjAlMjAlMjAlMjAlMjAlMjAlMjAlMjAlMjAlMjAlMjAlMjAlMjAlMjAlMjAlMjAlMjAlMjAlMjAlMjAlMjAlMjAlMjAlMjAlMjAlMjAlMjAlMjAlM0NkaXYlMjBjbGFzcyUzRCUyMnJlc3BvbnNlJTIyJTIwaWQlM0QlMjJtY2Utc3VjY2Vzcy1yZXNwb25zZSUyMiUyMHN0eWxlJTNEJTIyZGlzcGxheSUzQW5vbmUlMjIlM0UlM0MlMkZkaXYlM0UlMEElMjAlMjAlMjAlMjAlMjAlMjAlMjAlMjAlMjAlMjAlMjAlMjAlMjAlMjAlMjAlMjAlM0MlMkZkaXYlM0UlMjAlMjAlMjAlMjAlM0MlMjEtLSUyMHJlYWwlMjBwZW9wbGUlMjBzaG91bGQlMjBub3QlMjBmaWxsJTIwdGhpcyUyMGluJTIwYW5kJTIwZXhwZWN0JTIwZ29vZCUyMHRoaW5ncyUyMC0lMjBkbyUyMG5vdCUyMHJlbW92ZSUyMHRoaXMlMjBvciUyMHJpc2slMjBmb3JtJTIwYm90JTIwc2lnbnVwcy0tJTNFJTBBJTIwJTIwJTIwJTIwJTNDZGl2JTIwc3R5bGUlM0QlMjJwb3NpdGlvbiUzQSUyMGFic29sdXRlJTNCJTIwbGVmdCUzQSUyMC01MDAwcHglM0IlMjIlMjBhcmlhLWhpZGRlbiUzRCUyMnRydWUlMjIlM0UlM0NpbnB1dCUyMHR5cGUlM0QlMjJ0ZXh0JTIyJTIwbmFtZSUzRCUyMmJfZjllYWFjMjQ0NWRkYjI0Y2IxZmQ5MWY1ZF9mN2EwZDIxNTJiJTIyJTIwdGFiaW5kZXglM0QlMjItMSUyMiUyMHZhbHVlJTNEJTIyJTIyJTNFJTNDJTJGZGl2JTNFJTBBJTIwJTIwJTIwJTIwJTNDZGl2JTIwY2xhc3MlM0QlMjJjbGVhciUyMiUzRSUzQ2lucHV0JTIwdHlwZSUzRCUyMnN1Ym1pdCUyMiUyMHZhbHVlJTNEJTIyQWJvbm5lciUyMiUyMG5hbWUlM0QlMjJzdWJzY3JpYmUlMjIlMjBpZCUzRCUyMm1jLWVtYmVkZGVkLXN1YnNjcmliZSUyMiUyMGNsYXNzJTNEJTIyYnV0dG9uJTIwYnRuJTIwYnRuLXhsJTIwYm9yZGVyLXdpZHRoLTAlMjBidG4tdGV4dC1za2luJTIwYnRuLWFjY2VudCUyMGJ0bi1mbGF0JTIyJTNFJTNDJTJGZGl2JTNFJTBBJTIwJTIwJTIwJTIwJTNDJTJGZGl2JTNFJTBBJTNDJTJGZm9ybSUzRSUwQSUzQyUyRmRpdiUzRSUwQSUzQ3NjcmlwdCUyMHR5cGUlM0QlMjd0ZXh0JTJGamF2YXNjcmlwdCUyNyUyMHNyYyUzRCUyNyUyRiUyRnMzLmFtYXpvbmF3cy5jb20lMkZkb3dubG9hZHMubWFpbGNoaW1wLmNvbSUyRmpzJTJGbWMtdmFsaWRhdGUuanMlMjclM0UlM0MlMkZzY3JpcHQlM0UlM0NzY3JpcHQlMjB0eXBlJTNEJTI3dGV4dCUyRmphdmFzY3JpcHQlMjclM0UlMjhmdW5jdGlvbiUyOCUyNCUyOSUyMCU3QndpbmRvdy5mbmFtZXMlMjAlM0QlMjBuZXclMjBBcnJheSUyOCUyOSUzQiUyMHdpbmRvdy5mdHlwZXMlMjAlM0QlMjBuZXclMjBBcnJheSUyOCUyOSUzQmZuYW1lcyU1QjElNUQlM0QlMjdGTkFNRSUyNyUzQmZ0eXBlcyU1QjElNUQlM0QlMjd0ZXh0JTI3JTNCZm5hbWVzJTVCMiU1RCUzRCUyN0xOQU1FJTI3JTNCZnR5cGVzJTVCMiU1RCUzRCUyN3RleHQlMjclM0JmbmFtZXMlNUIwJTVEJTNEJTI3RU1BSUwlMjclM0JmdHlwZXMlNUIwJTVEJTNEJTI3ZW1haWwlMjclM0JmbmFtZXMlNUIzJTVEJTNEJTI3QUREUkVTUyUyNyUzQmZ0eXBlcyU1QjMlNUQlM0QlMjdhZGRyZXNzJTI3JTNCZm5hbWVzJTVCNCU1RCUzRCUyN1BIT05FJTI3JTNCZnR5cGVzJTVCNCU1RCUzRCUyN3Bob25lJTI3JTNCJTdEJTI4alF1ZXJ5JTI5JTI5JTNCdmFyJTIwJTI0bWNqJTIwJTNEJTIwalF1ZXJ5Lm5vQ29uZmxpY3QlMjh0cnVlJTI5JTNCJTNDJTJGc2NyaXB0JTNFJTBBJTNDJTIxLS1FbmQlMjBtY19lbWJlZF9zaWdudXAtLSUzRQ==[\/vc_raw_html][\/vc_column][\/vc_row]<\/p>\n<\/div>","protected":false},"excerpt":{"rendered":"<p>[vc_row unlock_row=\u00a0\u00bb\u00a0\u00bb row_height_percent=\u00a0\u00bb0&Prime; overlay_alpha=\u00a0\u00bb50&Prime; gutter_size=\u00a0\u00bb3&Prime; column_width_percent=\u00a0\u00bb60&Prime; shift_y=\u00a0\u00bb0&Prime; z_index=\u00a0\u00bb0&Prime;][vc_column][vc_column_text]Veuillez remplir le formulaire de cette page pour int\u00e9grer notre liste de diffusion.&hellip; <a class=\"continue\" href=\"https:\/\/ingch.ch\/fr\/newsletter\/\">Continue Reading<span> Newsletter<\/span><\/a><\/p>\n","protected":false},"author":1,"featured_media":0,"parent":0,"menu_order":0,"comment_status":"closed","ping_status":"closed","template":"","meta":{"inline_featured_image":false,"footnotes":""},"class_list":["post-3554","page","type-page","status-publish","hentry"],"yoast_head":"<!-- This site is optimized with the Yoast SEO plugin v26.8 - https:\/\/yoast.com\/product\/yoast-seo-wordpress\/ -->\n<title>Newsletter - IngCH<\/title>\n<meta name=\"robots\" content=\"index, follow, max-snippet:-1, max-image-preview:large, max-video-preview:-1\" \/>\n<link rel=\"canonical\" href=\"https:\/\/ingch.ch\/fr\/newsletter\/\" \/>\n<meta property=\"og:locale\" content=\"fr_FR\" \/>\n<meta property=\"og:type\" content=\"article\" \/>\n<meta property=\"og:title\" content=\"Newsletter - IngCH\" \/>\n<meta property=\"og:description\" content=\"[vc_row unlock_row=\u00a0\u00bb\u00a0\u00bb row_height_percent=\u00a0\u00bb0&Prime; overlay_alpha=\u00a0\u00bb50&Prime; gutter_size=\u00a0\u00bb3&Prime; column_width_percent=\u00a0\u00bb60&Prime; shift_y=\u00a0\u00bb0&Prime; z_index=\u00a0\u00bb0&Prime;][vc_column][vc_column_text]Veuillez remplir le formulaire de cette page pour int\u00e9grer notre liste de diffusion.&hellip; Continue Reading Newsletter\" \/>\n<meta property=\"og:url\" content=\"https:\/\/ingch.ch\/fr\/newsletter\/\" \/>\n<meta property=\"og:site_name\" content=\"IngCH\" \/>\n<meta property=\"article:publisher\" content=\"https:\/\/facebook.com\/ingch2\/\" \/>\n<meta property=\"article:modified_time\" content=\"2021-08-24T14:28:19+00:00\" \/>\n<meta name=\"twitter:card\" content=\"summary_large_image\" \/>\n<meta name=\"twitter:label1\" content=\"Dur\u00e9e de lecture estim\u00e9e\" \/>\n\t<meta name=\"twitter:data1\" content=\"1 minute\" \/>\n<script type=\"application\/ld+json\" class=\"yoast-schema-graph\">{\"@context\":\"https:\/\/schema.org\",\"@graph\":[{\"@type\":\"WebPage\",\"@id\":\"https:\/\/ingch.ch\/fr\/newsletter\/\",\"url\":\"https:\/\/ingch.ch\/fr\/newsletter\/\",\"name\":\"Newsletter - IngCH\",\"isPartOf\":{\"@id\":\"https:\/\/ingch.ch\/fr\/#website\"},\"datePublished\":\"2021-06-06T11:02:12+00:00\",\"dateModified\":\"2021-08-24T14:28:19+00:00\",\"breadcrumb\":{\"@id\":\"https:\/\/ingch.ch\/fr\/newsletter\/#breadcrumb\"},\"inLanguage\":\"fr-FR\",\"potentialAction\":[{\"@type\":\"ReadAction\",\"target\":[\"https:\/\/ingch.ch\/fr\/newsletter\/\"]}]},{\"@type\":\"BreadcrumbList\",\"@id\":\"https:\/\/ingch.ch\/fr\/newsletter\/#breadcrumb\",\"itemListElement\":[{\"@type\":\"ListItem\",\"position\":1,\"name\":\"Startseite\",\"item\":\"https:\/\/ingch.ch\/fr\/\"},{\"@type\":\"ListItem\",\"position\":2,\"name\":\"Newsletter\"}]},{\"@type\":\"WebSite\",\"@id\":\"https:\/\/ingch.ch\/fr\/#website\",\"url\":\"https:\/\/ingch.ch\/fr\/\",\"name\":\"IngCH\",\"description\":\"MINT for our future\",\"publisher\":{\"@id\":\"https:\/\/ingch.ch\/fr\/#organization\"},\"potentialAction\":[{\"@type\":\"SearchAction\",\"target\":{\"@type\":\"EntryPoint\",\"urlTemplate\":\"https:\/\/ingch.ch\/fr\/?s={search_term_string}\"},\"query-input\":{\"@type\":\"PropertyValueSpecification\",\"valueRequired\":true,\"valueName\":\"search_term_string\"}}],\"inLanguage\":\"fr-FR\"},{\"@type\":\"Organization\",\"@id\":\"https:\/\/ingch.ch\/fr\/#organization\",\"name\":\"IngCH Engineers Shape our Future\",\"url\":\"https:\/\/ingch.ch\/fr\/\",\"logo\":{\"@type\":\"ImageObject\",\"inLanguage\":\"fr-FR\",\"@id\":\"https:\/\/ingch.ch\/fr\/#\/schema\/logo\/image\/\",\"url\":\"https:\/\/ingch.ch\/wp\/wp-content\/uploads\/2021\/06\/ingch_logo-RGB.svg\",\"contentUrl\":\"https:\/\/ingch.ch\/wp\/wp-content\/uploads\/2021\/06\/ingch_logo-RGB.svg\",\"width\":\"156\",\"height\":\"87\",\"caption\":\"IngCH Engineers Shape our Future\"},\"image\":{\"@id\":\"https:\/\/ingch.ch\/fr\/#\/schema\/logo\/image\/\"},\"sameAs\":[\"https:\/\/facebook.com\/ingch2\/\",\"https:\/\/www.youtube.com\/user\/IngCH2\"]}]}<\/script>\n<!-- \/ Yoast SEO plugin. -->","yoast_head_json":{"title":"Newsletter - IngCH","robots":{"index":"index","follow":"follow","max-snippet":"max-snippet:-1","max-image-preview":"max-image-preview:large","max-video-preview":"max-video-preview:-1"},"canonical":"https:\/\/ingch.ch\/fr\/newsletter\/","og_locale":"fr_FR","og_type":"article","og_title":"Newsletter - IngCH","og_description":"[vc_row unlock_row=\u00a0\u00bb\u00a0\u00bb row_height_percent=\u00a0\u00bb0&Prime; overlay_alpha=\u00a0\u00bb50&Prime; gutter_size=\u00a0\u00bb3&Prime; column_width_percent=\u00a0\u00bb60&Prime; shift_y=\u00a0\u00bb0&Prime; z_index=\u00a0\u00bb0&Prime;][vc_column][vc_column_text]Veuillez remplir le formulaire de cette page pour int\u00e9grer notre liste de diffusion.&hellip; Continue Reading Newsletter","og_url":"https:\/\/ingch.ch\/fr\/newsletter\/","og_site_name":"IngCH","article_publisher":"https:\/\/facebook.com\/ingch2\/","article_modified_time":"2021-08-24T14:28:19+00:00","twitter_card":"summary_large_image","twitter_misc":{"Dur\u00e9e de lecture estim\u00e9e":"1 minute"},"schema":{"@context":"https:\/\/schema.org","@graph":[{"@type":"WebPage","@id":"https:\/\/ingch.ch\/fr\/newsletter\/","url":"https:\/\/ingch.ch\/fr\/newsletter\/","name":"Newsletter - IngCH","isPartOf":{"@id":"https:\/\/ingch.ch\/fr\/#website"},"datePublished":"2021-06-06T11:02:12+00:00","dateModified":"2021-08-24T14:28:19+00:00","breadcrumb":{"@id":"https:\/\/ingch.ch\/fr\/newsletter\/#breadcrumb"},"inLanguage":"fr-FR","potentialAction":[{"@type":"ReadAction","target":["https:\/\/ingch.ch\/fr\/newsletter\/"]}]},{"@type":"BreadcrumbList","@id":"https:\/\/ingch.ch\/fr\/newsletter\/#breadcrumb","itemListElement":[{"@type":"ListItem","position":1,"name":"Startseite","item":"https:\/\/ingch.ch\/fr\/"},{"@type":"ListItem","position":2,"name":"Newsletter"}]},{"@type":"WebSite","@id":"https:\/\/ingch.ch\/fr\/#website","url":"https:\/\/ingch.ch\/fr\/","name":"IngCH","description":"MINT for our future","publisher":{"@id":"https:\/\/ingch.ch\/fr\/#organization"},"potentialAction":[{"@type":"SearchAction","target":{"@type":"EntryPoint","urlTemplate":"https:\/\/ingch.ch\/fr\/?s={search_term_string}"},"query-input":{"@type":"PropertyValueSpecification","valueRequired":true,"valueName":"search_term_string"}}],"inLanguage":"fr-FR"},{"@type":"Organization","@id":"https:\/\/ingch.ch\/fr\/#organization","name":"IngCH Engineers Shape our Future","url":"https:\/\/ingch.ch\/fr\/","logo":{"@type":"ImageObject","inLanguage":"fr-FR","@id":"https:\/\/ingch.ch\/fr\/#\/schema\/logo\/image\/","url":"https:\/\/ingch.ch\/wp\/wp-content\/uploads\/2021\/06\/ingch_logo-RGB.svg","contentUrl":"https:\/\/ingch.ch\/wp\/wp-content\/uploads\/2021\/06\/ingch_logo-RGB.svg","width":"156","height":"87","caption":"IngCH Engineers Shape our Future"},"image":{"@id":"https:\/\/ingch.ch\/fr\/#\/schema\/logo\/image\/"},"sameAs":["https:\/\/facebook.com\/ingch2\/","https:\/\/www.youtube.com\/user\/IngCH2"]}]}},"_links":{"self":[{"href":"https:\/\/ingch.ch\/fr\/wp-json\/wp\/v2\/pages\/3554","targetHints":{"allow":["GET"]}}],"collection":[{"href":"https:\/\/ingch.ch\/fr\/wp-json\/wp\/v2\/pages"}],"about":[{"href":"https:\/\/ingch.ch\/fr\/wp-json\/wp\/v2\/types\/page"}],"author":[{"embeddable":true,"href":"https:\/\/ingch.ch\/fr\/wp-json\/wp\/v2\/users\/1"}],"replies":[{"embeddable":true,"href":"https:\/\/ingch.ch\/fr\/wp-json\/wp\/v2\/comments?post=3554"}],"version-history":[{"count":8,"href":"https:\/\/ingch.ch\/fr\/wp-json\/wp\/v2\/pages\/3554\/revisions"}],"predecessor-version":[{"id":4420,"href":"https:\/\/ingch.ch\/fr\/wp-json\/wp\/v2\/pages\/3554\/revisions\/4420"}],"wp:attachment":[{"href":"https:\/\/ingch.ch\/fr\/wp-json\/wp\/v2\/media?parent=3554"}],"curies":[{"name":"wp","href":"https:\/\/api.w.org\/{rel}","templated":true}]}}