{"id":3579,"date":"2021-06-04T21:38:37","date_gmt":"2021-06-04T21:38:37","guid":{"rendered":"https:\/\/ingch.ch\/wp\/projekte\/"},"modified":"2025-03-24T13:39:07","modified_gmt":"2025-03-24T13:39:07","slug":"projets","status":"publish","type":"page","link":"https:\/\/ingch.ch\/fr\/projets\/","title":{"rendered":"Projets"},"content":{"rendered":"<div class=\"wpb-content-wrapper\"><p>[vc_row unlock_row=\u00a0\u00bb\u00a0\u00bb row_height_percent=\u00a0\u00bb0&Prime; override_padding=\u00a0\u00bbyes\u00a0\u00bb h_padding=\u00a0\u00bb2&Prime; top_padding=\u00a0\u00bb0&Prime; bottom_padding=\u00a0\u00bb2&Prime; overlay_alpha=\u00a0\u00bb50&Prime; gutter_size=\u00a0\u00bb3&Prime; column_width_use_pixel=\u00a0\u00bbyes\u00a0\u00bb shift_y=\u00a0\u00bb0&Prime; z_index=\u00a0\u00bb0&Prime; column_width_pixel=\u00a0\u00bb800px\u00a0\u00bb row_name=\u00a0\u00bbIntro\u00a0\u00bb][vc_column column_width_percent=\u00a0\u00bb100&Prime; align_horizontal=\u00a0\u00bbalign_center\u00a0\u00bb gutter_size=\u00a0\u00bb0&Prime; overlay_alpha=\u00a0\u00bb50&Prime; shift_x=\u00a0\u00bb0&Prime; shift_y=\u00a0\u00bb0&Prime; shift_y_down=\u00a0\u00bb0&Prime; z_index=\u00a0\u00bb0&Prime; medium_width=\u00a0\u00bb0&Prime; mobile_width=\u00a0\u00bb0&Prime; css=\u00a0\u00bb.vc_custom_1622729170335{padding-top: 0px !important;padding-right: 0px !important;padding-bottom: 0px !important;padding-left: 0px !important;}\u00a0\u00bb][vc_column_text text_lead=\u00a0\u00bbyes\u00a0\u00bb css_animation=\u00a0\u00bbtop-t-bottom\u00a0\u00bb el_class=\u00a0\u00bbportfolio-intro\u00a0\u00bb]Notre promotion de la rel\u00e8ve met l\u2019accent sur les \u00e9changes personnels avec des ing\u00e9nieurs et ing\u00e9nieures, des chercheurs et chercheuses et des \u00e9tudiant-e-s ainsi que sur la d\u00e9couverte du monde de la technique et de l\u2019informatique. En formation continue ou lors des \u00e9v\u00e9nements, l\u2019\u00e9change entre l\u2019\u00e9conomie et la recherche occupe le devant de la sc\u00e8ne.<\/p>\n<h2><\/h2>\n<p>[\/vc_column_text][\/vc_column][\/vc_row][vc_row unlock_row_content=\u00a0\u00bbyes\u00a0\u00bb row_height_percent=\u00a0\u00bb0&Prime; override_padding=\u00a0\u00bbyes\u00a0\u00bb h_padding=\u00a0\u00bb0&Prime; top_padding=\u00a0\u00bb0&Prime; bottom_padding=\u00a0\u00bb2&Prime; back_color=\u00a0\u00bbcolor-yel\u00a0\u00bb overlay_alpha=\u00a0\u00bb50&Prime; gutter_size=\u00a0\u00bb2&Prime; column_width_percent=\u00a0\u00bb100&Prime; shift_y=\u00a0\u00bb0&Prime; z_index=\u00a0\u00bb0&Prime; css=\u00a0\u00bb.vc_custom_1623769011037{margin-top: 0px !important;margin-bottom: 0px !important;padding-top: 0px !important;padding-right: 0px !important;padding-bottom: 0px !important;padding-left: 0px !important;}\u00a0\u00bb row_name=\u00a0\u00bbAblauf-termine\u00a0\u00bb][vc_column column_width_percent=\u00a0\u00bb100&Prime; gutter_size=\u00a0\u00bb3&Prime; override_padding=\u00a0\u00bbyes\u00a0\u00bb column_padding=\u00a0\u00bb0&Prime; overlay_alpha=\u00a0\u00bb50&Prime; shift_x=\u00a0\u00bb0&Prime; shift_y=\u00a0\u00bb0&Prime; shift_y_down=\u00a0\u00bb0&Prime; z_index=\u00a0\u00bb0&Prime; medium_width=\u00a0\u00bb0&Prime; mobile_width=\u00a0\u00bb0&Prime; css_animation=\u00a0\u00bbzoom-in\u00a0\u00bb width=\u00a0\u00bb1\/1&Prime;][uncode_index el_id=\u00a0\u00bbindex-162663&Prime; isotope_mode=\u00a0\u00bbpackery\u00a0\u00bb loop=\u00a0\u00bbsize:10|order_by:menu_order|post_type:portfolio|tax_query:108,109|taxonomy_count:10&Prime; screen_lg=\u00a0\u00bb1000&Prime; screen_md=\u00a0\u00bb600&Prime; screen_sm=\u00a0\u00bb480&Prime; filtering=\u00a0\u00bbyes\u00a0\u00bb filtering_uppercase=\u00a0\u00bbyes\u00a0\u00bb filter_back_color=\u00a0\u00bbcolor-yel\u00a0\u00bb filtering_full_width=\u00a0\u00bbyes\u00a0\u00bb filtering_position=\u00a0\u00bbcenter\u00a0\u00bb filter_mobile_dropdown=\u00a0\u00bbyes\u00a0\u00bb gutter_size=\u00a0\u00bb1&Prime; inner_padding=\u00a0\u00bbyes\u00a0\u00bb post_items=\u00a0\u00bbmedia|featured|nolink|original,title,text|full|20,sep-one|full,team-email,spacer|one\u00a0\u00bb portfolio_items=\u00a0\u00bbtitle,media|featured|onpost|original,spacer|half\u00a0\u00bb infinite=\u00a0\u00bbyes\u00a0\u00bb single_text=\u00a0\u00bboverlay\u00a0\u00bb images_size=\u00a0\u00bbfour-three\u00a0\u00bb single_overlay_color=\u00a0\u00bbcolor-jevc\u00a0\u00bb single_overlay_coloration=\u00a0\u00bbtop_gradient\u00a0\u00bb single_overlay_opacity=\u00a0\u00bb100&Prime; single_overlay_visible=\u00a0\u00bbyes\u00a0\u00bb single_overlay_anim=\u00a0\u00bbno\u00a0\u00bb single_text_visible=\u00a0\u00bbyes\u00a0\u00bb single_text_anim=\u00a0\u00bbno\u00a0\u00bb single_image_coloration=\u00a0\u00bbdesaturated\u00a0\u00bb single_image_color_anim=\u00a0\u00bbyes\u00a0\u00bb single_h_align=\u00a0\u00bbcenter\u00a0\u00bb single_v_position=\u00a0\u00bbtop\u00a0\u00bb single_padding=\u00a0\u00bb2&Prime; single_title_dimension=\u00a0\u00bbh3&Prime; single_title_weight=\u00a0\u00bb600&Prime; single_border=\u00a0\u00bbyes\u00a0\u00bb single_css_animation=\u00a0\u00bbzoom-in\u00a0\u00bb custom_order=\u00a0\u00bbyes\u00a0\u00bb filter_mobile_dropdown_text=\u00a0\u00bbFilter\u00a0\u00bb filter_all_text=\u00a0\u00bbtous les projets\u00a0\u00bb items=\u00a0\u00bbeyI1Nl9pIjp7ImltYWdlc19zaXplIjoib25lLW9uZSJ9LCI2OF9pIjp7ImltYWdlc19zaXplIjoidGhyZWUtZm91ciIsInNpbmdsZV93aWR0aCI6IjMiLCJzaW5nbGVfbGF5b3V0X3BvcnRmb2xpb19pdGVtcyI6InRpdGxlLG1lZGlhfGN1c3RvbXxvbnBvc3R8b3JpZ2luYWwsc3BhY2VyfGhhbGYiLCJiYWNrX2ltYWdlIjoiNDU0In0sIjE0NDBfaSI6eyJzaW5nbGVfd2lkdGgiOiI1IiwiaW1hZ2VzX3NpemUiOiJmaXZlLWZvdXIifSwiMjgwNF9pIjp7ImltYWdlc19zaXplIjoib25lLW9uZSIsInNpbmdsZV93aWR0aCI6IjQifSwiMjgyNl9pIjp7ImltYWdlc19zaXplIjoiZml2ZS1mb3VyIiwic2luZ2xlX3dpZHRoIjoiNSJ9LCIzMjMwX2kiOnsiaW1hZ2VzX3NpemUiOiJ0aHJlZS1mb3VyIiwic2luZ2xlX3dpZHRoIjoiMyJ9fQ==\u00a0\u00bb order_ids=\u00a0\u00bb3678,12320,5023,3664,3695,3635&Prime; uncode_shortcode_id=\u00a0\u00bb174496&Prime; filter_back_color_type=\u00a0\u00bbuncode-palette\u00a0\u00bb][\/vc_column][\/vc_row]<\/p>\n<\/div>","protected":false},"excerpt":{"rendered":"<p>[vc_row unlock_row=\u00a0\u00bb\u00a0\u00bb row_height_percent=\u00a0\u00bb0&Prime; override_padding=\u00a0\u00bbyes\u00a0\u00bb h_padding=\u00a0\u00bb2&Prime; top_padding=\u00a0\u00bb0&Prime; bottom_padding=\u00a0\u00bb2&Prime; overlay_alpha=\u00a0\u00bb50&Prime; gutter_size=\u00a0\u00bb3&Prime; column_width_use_pixel=\u00a0\u00bbyes\u00a0\u00bb shift_y=\u00a0\u00bb0&Prime; z_index=\u00a0\u00bb0&Prime; column_width_pixel=\u00a0\u00bb800px\u00a0\u00bb row_name=\u00a0\u00bbIntro\u00a0\u00bb][vc_column column_width_percent=\u00a0\u00bb100&Prime; align_horizontal=\u00a0\u00bbalign_center\u00a0\u00bb gutter_size=\u00a0\u00bb0&Prime; overlay_alpha=\u00a0\u00bb50&Prime; shift_x=\u00a0\u00bb0&Prime; shift_y=\u00a0\u00bb0&Prime;&hellip; <a class=\"continue\" href=\"https:\/\/ingch.ch\/fr\/projets\/\">Continue Reading<span> Projets<\/span><\/a><\/p>\n","protected":false},"author":1,"featured_media":0,"parent":0,"menu_order":0,"comment_status":"closed","ping_status":"closed","template":"","meta":{"inline_featured_image":false,"footnotes":""},"class_list":["post-3579","page","type-page","status-publish","hentry"],"yoast_head":"<!-- This site is optimized with the Yoast SEO plugin v26.8 - https:\/\/yoast.com\/product\/yoast-seo-wordpress\/ -->\n<title>Projets - IngCH<\/title>\n<meta name=\"robots\" content=\"index, follow, max-snippet:-1, max-image-preview:large, max-video-preview:-1\" \/>\n<link rel=\"canonical\" href=\"https:\/\/ingch.ch\/fr\/projets\/\" \/>\n<meta property=\"og:locale\" content=\"fr_FR\" \/>\n<meta property=\"og:type\" content=\"article\" \/>\n<meta property=\"og:title\" content=\"Projets - IngCH\" \/>\n<meta property=\"og:description\" content=\"[vc_row unlock_row=\u00a0\u00bb\u00a0\u00bb row_height_percent=\u00a0\u00bb0&Prime; override_padding=\u00a0\u00bbyes\u00a0\u00bb h_padding=\u00a0\u00bb2&Prime; top_padding=\u00a0\u00bb0&Prime; bottom_padding=\u00a0\u00bb2&Prime; overlay_alpha=\u00a0\u00bb50&Prime; gutter_size=\u00a0\u00bb3&Prime; column_width_use_pixel=\u00a0\u00bbyes\u00a0\u00bb shift_y=\u00a0\u00bb0&Prime; z_index=\u00a0\u00bb0&Prime; column_width_pixel=\u00a0\u00bb800px\u00a0\u00bb row_name=\u00a0\u00bbIntro\u00a0\u00bb][vc_column column_width_percent=\u00a0\u00bb100&Prime; align_horizontal=\u00a0\u00bbalign_center\u00a0\u00bb gutter_size=\u00a0\u00bb0&Prime; overlay_alpha=\u00a0\u00bb50&Prime; shift_x=\u00a0\u00bb0&Prime; shift_y=\u00a0\u00bb0&Prime;&hellip; Continue Reading Projets\" \/>\n<meta property=\"og:url\" content=\"https:\/\/ingch.ch\/fr\/projets\/\" \/>\n<meta property=\"og:site_name\" content=\"IngCH\" \/>\n<meta property=\"article:publisher\" content=\"https:\/\/facebook.com\/ingch2\/\" \/>\n<meta property=\"article:modified_time\" content=\"2025-03-24T13:39:07+00:00\" \/>\n<meta name=\"twitter:card\" content=\"summary_large_image\" \/>\n<meta name=\"twitter:label1\" content=\"Dur\u00e9e de lecture estim\u00e9e\" \/>\n\t<meta name=\"twitter:data1\" content=\"1 minute\" \/>\n<script type=\"application\/ld+json\" class=\"yoast-schema-graph\">{\"@context\":\"https:\/\/schema.org\",\"@graph\":[{\"@type\":\"WebPage\",\"@id\":\"https:\/\/ingch.ch\/fr\/projets\/\",\"url\":\"https:\/\/ingch.ch\/fr\/projets\/\",\"name\":\"Projets - IngCH\",\"isPartOf\":{\"@id\":\"https:\/\/ingch.ch\/fr\/#website\"},\"datePublished\":\"2021-06-04T21:38:37+00:00\",\"dateModified\":\"2025-03-24T13:39:07+00:00\",\"breadcrumb\":{\"@id\":\"https:\/\/ingch.ch\/fr\/projets\/#breadcrumb\"},\"inLanguage\":\"fr-FR\",\"potentialAction\":[{\"@type\":\"ReadAction\",\"target\":[\"https:\/\/ingch.ch\/fr\/projets\/\"]}]},{\"@type\":\"BreadcrumbList\",\"@id\":\"https:\/\/ingch.ch\/fr\/projets\/#breadcrumb\",\"itemListElement\":[{\"@type\":\"ListItem\",\"position\":1,\"name\":\"Startseite\",\"item\":\"https:\/\/ingch.ch\/fr\/\"},{\"@type\":\"ListItem\",\"position\":2,\"name\":\"Projets\"}]},{\"@type\":\"WebSite\",\"@id\":\"https:\/\/ingch.ch\/fr\/#website\",\"url\":\"https:\/\/ingch.ch\/fr\/\",\"name\":\"IngCH\",\"description\":\"MINT for our future\",\"publisher\":{\"@id\":\"https:\/\/ingch.ch\/fr\/#organization\"},\"potentialAction\":[{\"@type\":\"SearchAction\",\"target\":{\"@type\":\"EntryPoint\",\"urlTemplate\":\"https:\/\/ingch.ch\/fr\/?s={search_term_string}\"},\"query-input\":{\"@type\":\"PropertyValueSpecification\",\"valueRequired\":true,\"valueName\":\"search_term_string\"}}],\"inLanguage\":\"fr-FR\"},{\"@type\":\"Organization\",\"@id\":\"https:\/\/ingch.ch\/fr\/#organization\",\"name\":\"IngCH Engineers Shape our Future\",\"url\":\"https:\/\/ingch.ch\/fr\/\",\"logo\":{\"@type\":\"ImageObject\",\"inLanguage\":\"fr-FR\",\"@id\":\"https:\/\/ingch.ch\/fr\/#\/schema\/logo\/image\/\",\"url\":\"https:\/\/ingch.ch\/wp\/wp-content\/uploads\/2021\/06\/ingch_logo-RGB.svg\",\"contentUrl\":\"https:\/\/ingch.ch\/wp\/wp-content\/uploads\/2021\/06\/ingch_logo-RGB.svg\",\"width\":\"156\",\"height\":\"87\",\"caption\":\"IngCH Engineers Shape our Future\"},\"image\":{\"@id\":\"https:\/\/ingch.ch\/fr\/#\/schema\/logo\/image\/\"},\"sameAs\":[\"https:\/\/facebook.com\/ingch2\/\",\"https:\/\/www.youtube.com\/user\/IngCH2\"]}]}<\/script>\n<!-- \/ Yoast SEO plugin. -->","yoast_head_json":{"title":"Projets - IngCH","robots":{"index":"index","follow":"follow","max-snippet":"max-snippet:-1","max-image-preview":"max-image-preview:large","max-video-preview":"max-video-preview:-1"},"canonical":"https:\/\/ingch.ch\/fr\/projets\/","og_locale":"fr_FR","og_type":"article","og_title":"Projets - IngCH","og_description":"[vc_row unlock_row=\u00a0\u00bb\u00a0\u00bb row_height_percent=\u00a0\u00bb0&Prime; override_padding=\u00a0\u00bbyes\u00a0\u00bb h_padding=\u00a0\u00bb2&Prime; top_padding=\u00a0\u00bb0&Prime; bottom_padding=\u00a0\u00bb2&Prime; overlay_alpha=\u00a0\u00bb50&Prime; gutter_size=\u00a0\u00bb3&Prime; column_width_use_pixel=\u00a0\u00bbyes\u00a0\u00bb shift_y=\u00a0\u00bb0&Prime; z_index=\u00a0\u00bb0&Prime; column_width_pixel=\u00a0\u00bb800px\u00a0\u00bb row_name=\u00a0\u00bbIntro\u00a0\u00bb][vc_column column_width_percent=\u00a0\u00bb100&Prime; align_horizontal=\u00a0\u00bbalign_center\u00a0\u00bb gutter_size=\u00a0\u00bb0&Prime; overlay_alpha=\u00a0\u00bb50&Prime; shift_x=\u00a0\u00bb0&Prime; shift_y=\u00a0\u00bb0&Prime;&hellip; Continue Reading Projets","og_url":"https:\/\/ingch.ch\/fr\/projets\/","og_site_name":"IngCH","article_publisher":"https:\/\/facebook.com\/ingch2\/","article_modified_time":"2025-03-24T13:39:07+00:00","twitter_card":"summary_large_image","twitter_misc":{"Dur\u00e9e de lecture estim\u00e9e":"1 minute"},"schema":{"@context":"https:\/\/schema.org","@graph":[{"@type":"WebPage","@id":"https:\/\/ingch.ch\/fr\/projets\/","url":"https:\/\/ingch.ch\/fr\/projets\/","name":"Projets - IngCH","isPartOf":{"@id":"https:\/\/ingch.ch\/fr\/#website"},"datePublished":"2021-06-04T21:38:37+00:00","dateModified":"2025-03-24T13:39:07+00:00","breadcrumb":{"@id":"https:\/\/ingch.ch\/fr\/projets\/#breadcrumb"},"inLanguage":"fr-FR","potentialAction":[{"@type":"ReadAction","target":["https:\/\/ingch.ch\/fr\/projets\/"]}]},{"@type":"BreadcrumbList","@id":"https:\/\/ingch.ch\/fr\/projets\/#breadcrumb","itemListElement":[{"@type":"ListItem","position":1,"name":"Startseite","item":"https:\/\/ingch.ch\/fr\/"},{"@type":"ListItem","position":2,"name":"Projets"}]},{"@type":"WebSite","@id":"https:\/\/ingch.ch\/fr\/#website","url":"https:\/\/ingch.ch\/fr\/","name":"IngCH","description":"MINT for our future","publisher":{"@id":"https:\/\/ingch.ch\/fr\/#organization"},"potentialAction":[{"@type":"SearchAction","target":{"@type":"EntryPoint","urlTemplate":"https:\/\/ingch.ch\/fr\/?s={search_term_string}"},"query-input":{"@type":"PropertyValueSpecification","valueRequired":true,"valueName":"search_term_string"}}],"inLanguage":"fr-FR"},{"@type":"Organization","@id":"https:\/\/ingch.ch\/fr\/#organization","name":"IngCH Engineers Shape our Future","url":"https:\/\/ingch.ch\/fr\/","logo":{"@type":"ImageObject","inLanguage":"fr-FR","@id":"https:\/\/ingch.ch\/fr\/#\/schema\/logo\/image\/","url":"https:\/\/ingch.ch\/wp\/wp-content\/uploads\/2021\/06\/ingch_logo-RGB.svg","contentUrl":"https:\/\/ingch.ch\/wp\/wp-content\/uploads\/2021\/06\/ingch_logo-RGB.svg","width":"156","height":"87","caption":"IngCH Engineers Shape our Future"},"image":{"@id":"https:\/\/ingch.ch\/fr\/#\/schema\/logo\/image\/"},"sameAs":["https:\/\/facebook.com\/ingch2\/","https:\/\/www.youtube.com\/user\/IngCH2"]}]}},"_links":{"self":[{"href":"https:\/\/ingch.ch\/fr\/wp-json\/wp\/v2\/pages\/3579","targetHints":{"allow":["GET"]}}],"collection":[{"href":"https:\/\/ingch.ch\/fr\/wp-json\/wp\/v2\/pages"}],"about":[{"href":"https:\/\/ingch.ch\/fr\/wp-json\/wp\/v2\/types\/page"}],"author":[{"embeddable":true,"href":"https:\/\/ingch.ch\/fr\/wp-json\/wp\/v2\/users\/1"}],"replies":[{"embeddable":true,"href":"https:\/\/ingch.ch\/fr\/wp-json\/wp\/v2\/comments?post=3579"}],"version-history":[{"count":9,"href":"https:\/\/ingch.ch\/fr\/wp-json\/wp\/v2\/pages\/3579\/revisions"}],"predecessor-version":[{"id":12383,"href":"https:\/\/ingch.ch\/fr\/wp-json\/wp\/v2\/pages\/3579\/revisions\/12383"}],"wp:attachment":[{"href":"https:\/\/ingch.ch\/fr\/wp-json\/wp\/v2\/media?parent=3579"}],"curies":[{"name":"wp","href":"https:\/\/api.w.org\/{rel}","templated":true}]}}