{"id":4467,"date":"2021-08-25T10:36:35","date_gmt":"2021-08-25T10:36:35","guid":{"rendered":"https:\/\/ingch.ch\/wp\/?page_id=4467"},"modified":"2023-10-31T12:42:57","modified_gmt":"2023-10-31T12:42:57","slug":"declaration-de-confidentialite","status":"publish","type":"page","link":"https:\/\/ingch.ch\/fr\/declaration-de-confidentialite\/","title":{"rendered":"D\u00e9claration de confidentialit\u00e9"},"content":{"rendered":"<h2><strong>Collecte, traitement et utilisation des donn\u00e9es personnelles<\/strong><\/h2>\n<p>Nous ne recueillons aucune donn\u00e9e personnelle vous concernant lorsque vous visitez ce site Web. Les donn\u00e9es personnelles ne sont collect\u00e9es que si vous nous les communiquez vous-m\u00eame via un formulaire. Ces donn\u00e9es sont utilis\u00e9es exclusivement pour le traitement de votre demande.<\/p>\n<h2><strong>Utilisation de ses propres cookies<\/strong><\/h2>\n<p>Notre site Internet utilise des cookies. Il s\u2019agit de petits fichiers texte qui sont stock\u00e9s sur votre terminal \u00e0 l\u2019aide du navigateur. Ils ne causent aucun dommage.<\/p>\n<p>Lors de l\u2019appel de certaines pages, un \u201ccookie de session\u201d est cr\u00e9\u00e9, automatiquement supprim\u00e9 \u00e0 la fin de votre session de navigation. Certains cookies peuvent \u00eatre stock\u00e9s sur votre terminal jusqu\u2019\u00e0 ce que vous les supprimiez. Ils nous permettent de reconna\u00eetre votre navigateur lors de votre prochaine visite.<\/p>\n<p>Avec la plupart des navigateurs Web, vous pouvez modifier les param\u00e8tres afin que votre navigateur n\u2019accepte pas les nouveaux cookies ou que vous puissiez les supprimer. La fonction d\u2019aide permet g\u00e9n\u00e9ralement de savoir comment cela fonctionne pour votre navigateur.<\/p>\n<h2><strong>Fichiers journaux du serveur<\/strong><\/h2>\n<p>Comme pour toute connexion \u00e0 un serveur web, le serveur de notre h\u00e9bergeur Metanet (Suisse) enregistre et stocke certaines donn\u00e9es techniques. Ces donn\u00e9es comprennent l\u2019adresse IP et le syst\u00e8me d\u2019exploitation de votre appareil, les donn\u00e9es, le temps d\u2019acc\u00e8s, le type de navigateur et la requ\u00eate du navigateur y compris l\u2019origine de la requ\u00eate (referrer). Ceci est n\u00e9cessaire pour des raisons techniques afin de mettre notre site Internet \u00e0 votre disposition. Le fournisseur d\u2019h\u00e9bergement utilise des mesures techniques et organisationnelles pour prot\u00e9ger ces donn\u00e9es contre tout acc\u00e8s non autoris\u00e9 et ne les transmet pas \u00e0 des tiers.<\/p>\n<h2><strong>Google Analytics <\/strong><\/h2>\n<p>Ce site Web utilise Google Analytics, un service d\u2019analyse Web fourni par Google Inc, 1600 Amphitheatre Parkway, Mountain View, CA 94043, USA. Google Analytics utilise des \u201ccookies\u201d, qui sont des fichiers texte plac\u00e9s sur votre ordinateur, pour aider le site Internet \u00e0 analyser l\u2019utilisation du site par ses utilisateurs.<\/p>\n<p>Google utilise ces informations pour le compte de l\u2019exploitant de ce site afin d\u2019\u00e9valuer votre utilisation du site, de compiler des rapports sur l\u2019activit\u00e9 du site et de fournir d\u2019autres services li\u00e9s \u00e0 l\u2019activit\u00e9 du site ainsi qu\u2019\u00e0 l\u2019exploitant du site. L\u2019adresse IP transmise par votre navigateur dans le cadre de Google Analytics n\u2019est pas combin\u00e9e avec d\u2019autres donn\u00e9es de Google.<\/p>\n<p>Vous pouvez emp\u00eacher l\u2019enregistrement des cookies ou les supprimer en param\u00e9trant votre navigateur en cons\u00e9quence.<\/p>\n<h2><strong>Newsletter<\/strong><\/h2>\n<p>Si vous vous \u00eates inscrit \u00e0 notre newsletter avec votre adresse e-mail, votre nom, votre adresse et votre organisation, nous enregistrerons et utiliserons vos donn\u00e9es pour vous envoyer notre newsletter avec des informations sur la th\u00e9matique \u00ab\u00a0Informatique dans l\u2019\u00e9ducation\u201d jusqu\u2019\u00e0 votre d\u00e9sinscription \u00e0 notre newsletter.<\/p>\n<p>Vos donn\u00e9es seront conserv\u00e9es en permanence jusqu\u2019\u00e0 ce que vous vous d\u00e9sinscriviez de notre newsletter ou que nous les supprimions.<\/p>\n<p>Vous pouvez vous d\u00e9sabonner de notre newsletter \u00e0 tout moment au moyen du \u00ab\u00a0lien de d\u00e9sabonnement\u00a0\u00bb. Vous pouvez \u00e9galement r\u00e9voquer \u00e0 tout moment votre consentement \u00e0 l\u2019utilisation de vos donn\u00e9es \u00e0 l\u2019avenir. Pour ce faire, veuillez utiliser les options de contact ci-dessous.<\/p>\n<h2><strong>Formulaire d\u2019adh\u00e9sion<\/strong><\/h2>\n<p>Sur notre site, vous pouvez saisir des donn\u00e9es personnelles via le formulaire d\u2019adh\u00e9sion. Lorsque vous utilisez le formulaire, nous recueillons et conservons les renseignements que vous entrez dans le formulaire (p. ex. nom de famille, pr\u00e9nom, organisation, adresse \u00e9lectronique, etc. ). Nous utilisons ces donn\u00e9es exclusivement pour enregistrer et traiter votre inscription. Nous vous enverrons \u00e9galement des informations sur la SSIE et vous recevrez notre newsletter \u201cFit-in-IT\u201d.<\/p>\n<h2><strong>Vos droits<\/strong><\/h2>\n<p>En principe, vous disposez d\u2019un droit d\u2019information, de rectification, de suppression, de restriction, de transfert de donn\u00e9es, de r\u00e9vocation et d\u2019opposition. Si vous estimez que le traitement de vos donn\u00e9es viole la loi sur la protection des donn\u00e9es ou que vos droits en mati\u00e8re de protection des donn\u00e9es ont \u00e9t\u00e9 viol\u00e9s de quelque mani\u00e8re que ce soit, vous pouvez porter plainte aupr\u00e8s de l\u2019autorit\u00e9 de contr\u00f4le.<\/p>\n<p>Vous pouvez nous contacter aux coordonn\u00e9es suivantes :<\/p>\n<p><strong>IngCH MINT for our future<\/strong><br \/>\nKlosbachstrasse 107<br \/>\n8032 Z\u00fcrich<br \/>\n<i class=\"fa fa-envelope-o fa-fw\"><\/i><a href=\"mailto:info@ingch.ch\"> info@ingch.ch<\/a><br \/>\n<i class=\"fa fa-phone-handset\"><\/i> +41 43 305 05 90<\/p>\n","protected":false},"excerpt":{"rendered":"<p>Collecte, traitement et utilisation des donn\u00e9es personnelles Nous ne recueillons aucune donn\u00e9e personnelle vous concernant lorsque vous visitez ce site&hellip; <a class=\"continue\" href=\"https:\/\/ingch.ch\/fr\/declaration-de-confidentialite\/\">Continue Reading<span> D\u00e9claration de confidentialit\u00e9<\/span><\/a><\/p>\n","protected":false},"author":2,"featured_media":0,"parent":0,"menu_order":0,"comment_status":"closed","ping_status":"closed","template":"","meta":{"inline_featured_image":false,"footnotes":""},"class_list":["post-4467","page","type-page","status-publish","hentry"],"yoast_head":"<!-- This site is optimized with the Yoast SEO plugin v26.8 - https:\/\/yoast.com\/product\/yoast-seo-wordpress\/ -->\n<title>D\u00e9claration de confidentialit\u00e9 - IngCH<\/title>\n<meta name=\"robots\" content=\"index, follow, max-snippet:-1, max-image-preview:large, max-video-preview:-1\" \/>\n<link rel=\"canonical\" href=\"https:\/\/ingch.ch\/fr\/declaration-de-confidentialite\/\" \/>\n<meta property=\"og:locale\" content=\"fr_FR\" \/>\n<meta property=\"og:type\" content=\"article\" \/>\n<meta property=\"og:title\" content=\"D\u00e9claration de confidentialit\u00e9 - IngCH\" \/>\n<meta property=\"og:description\" content=\"Collecte, traitement et utilisation des donn\u00e9es personnelles Nous ne recueillons aucune donn\u00e9e personnelle vous concernant lorsque vous visitez ce site&hellip; Continue Reading D\u00e9claration de confidentialit\u00e9\" \/>\n<meta property=\"og:url\" content=\"https:\/\/ingch.ch\/fr\/declaration-de-confidentialite\/\" \/>\n<meta property=\"og:site_name\" content=\"IngCH\" \/>\n<meta property=\"article:publisher\" content=\"https:\/\/facebook.com\/ingch2\/\" \/>\n<meta property=\"article:modified_time\" content=\"2023-10-31T12:42:57+00:00\" \/>\n<meta name=\"twitter:card\" content=\"summary_large_image\" \/>\n<meta name=\"twitter:label1\" content=\"Dur\u00e9e de lecture estim\u00e9e\" \/>\n\t<meta name=\"twitter:data1\" content=\"4 minutes\" \/>\n<script type=\"application\/ld+json\" class=\"yoast-schema-graph\">{\"@context\":\"https:\/\/schema.org\",\"@graph\":[{\"@type\":\"WebPage\",\"@id\":\"https:\/\/ingch.ch\/fr\/declaration-de-confidentialite\/\",\"url\":\"https:\/\/ingch.ch\/fr\/declaration-de-confidentialite\/\",\"name\":\"D\u00e9claration de confidentialit\u00e9 - IngCH\",\"isPartOf\":{\"@id\":\"https:\/\/ingch.ch\/fr\/#website\"},\"datePublished\":\"2021-08-25T10:36:35+00:00\",\"dateModified\":\"2023-10-31T12:42:57+00:00\",\"breadcrumb\":{\"@id\":\"https:\/\/ingch.ch\/fr\/declaration-de-confidentialite\/#breadcrumb\"},\"inLanguage\":\"fr-FR\",\"potentialAction\":[{\"@type\":\"ReadAction\",\"target\":[\"https:\/\/ingch.ch\/fr\/declaration-de-confidentialite\/\"]}]},{\"@type\":\"BreadcrumbList\",\"@id\":\"https:\/\/ingch.ch\/fr\/declaration-de-confidentialite\/#breadcrumb\",\"itemListElement\":[{\"@type\":\"ListItem\",\"position\":1,\"name\":\"Startseite\",\"item\":\"https:\/\/ingch.ch\/fr\/\"},{\"@type\":\"ListItem\",\"position\":2,\"name\":\"D\u00e9claration de confidentialit\u00e9\"}]},{\"@type\":\"WebSite\",\"@id\":\"https:\/\/ingch.ch\/fr\/#website\",\"url\":\"https:\/\/ingch.ch\/fr\/\",\"name\":\"IngCH\",\"description\":\"MINT for our future\",\"publisher\":{\"@id\":\"https:\/\/ingch.ch\/fr\/#organization\"},\"potentialAction\":[{\"@type\":\"SearchAction\",\"target\":{\"@type\":\"EntryPoint\",\"urlTemplate\":\"https:\/\/ingch.ch\/fr\/?s={search_term_string}\"},\"query-input\":{\"@type\":\"PropertyValueSpecification\",\"valueRequired\":true,\"valueName\":\"search_term_string\"}}],\"inLanguage\":\"fr-FR\"},{\"@type\":\"Organization\",\"@id\":\"https:\/\/ingch.ch\/fr\/#organization\",\"name\":\"IngCH Engineers Shape our Future\",\"url\":\"https:\/\/ingch.ch\/fr\/\",\"logo\":{\"@type\":\"ImageObject\",\"inLanguage\":\"fr-FR\",\"@id\":\"https:\/\/ingch.ch\/fr\/#\/schema\/logo\/image\/\",\"url\":\"https:\/\/ingch.ch\/wp\/wp-content\/uploads\/2021\/06\/ingch_logo-RGB.svg\",\"contentUrl\":\"https:\/\/ingch.ch\/wp\/wp-content\/uploads\/2021\/06\/ingch_logo-RGB.svg\",\"width\":\"156\",\"height\":\"87\",\"caption\":\"IngCH Engineers Shape our Future\"},\"image\":{\"@id\":\"https:\/\/ingch.ch\/fr\/#\/schema\/logo\/image\/\"},\"sameAs\":[\"https:\/\/facebook.com\/ingch2\/\",\"https:\/\/www.youtube.com\/user\/IngCH2\"]}]}<\/script>\n<!-- \/ Yoast SEO plugin. -->","yoast_head_json":{"title":"D\u00e9claration de confidentialit\u00e9 - IngCH","robots":{"index":"index","follow":"follow","max-snippet":"max-snippet:-1","max-image-preview":"max-image-preview:large","max-video-preview":"max-video-preview:-1"},"canonical":"https:\/\/ingch.ch\/fr\/declaration-de-confidentialite\/","og_locale":"fr_FR","og_type":"article","og_title":"D\u00e9claration de confidentialit\u00e9 - IngCH","og_description":"Collecte, traitement et utilisation des donn\u00e9es personnelles Nous ne recueillons aucune donn\u00e9e personnelle vous concernant lorsque vous visitez ce site&hellip; Continue Reading D\u00e9claration de confidentialit\u00e9","og_url":"https:\/\/ingch.ch\/fr\/declaration-de-confidentialite\/","og_site_name":"IngCH","article_publisher":"https:\/\/facebook.com\/ingch2\/","article_modified_time":"2023-10-31T12:42:57+00:00","twitter_card":"summary_large_image","twitter_misc":{"Dur\u00e9e de lecture estim\u00e9e":"4 minutes"},"schema":{"@context":"https:\/\/schema.org","@graph":[{"@type":"WebPage","@id":"https:\/\/ingch.ch\/fr\/declaration-de-confidentialite\/","url":"https:\/\/ingch.ch\/fr\/declaration-de-confidentialite\/","name":"D\u00e9claration de confidentialit\u00e9 - IngCH","isPartOf":{"@id":"https:\/\/ingch.ch\/fr\/#website"},"datePublished":"2021-08-25T10:36:35+00:00","dateModified":"2023-10-31T12:42:57+00:00","breadcrumb":{"@id":"https:\/\/ingch.ch\/fr\/declaration-de-confidentialite\/#breadcrumb"},"inLanguage":"fr-FR","potentialAction":[{"@type":"ReadAction","target":["https:\/\/ingch.ch\/fr\/declaration-de-confidentialite\/"]}]},{"@type":"BreadcrumbList","@id":"https:\/\/ingch.ch\/fr\/declaration-de-confidentialite\/#breadcrumb","itemListElement":[{"@type":"ListItem","position":1,"name":"Startseite","item":"https:\/\/ingch.ch\/fr\/"},{"@type":"ListItem","position":2,"name":"D\u00e9claration de confidentialit\u00e9"}]},{"@type":"WebSite","@id":"https:\/\/ingch.ch\/fr\/#website","url":"https:\/\/ingch.ch\/fr\/","name":"IngCH","description":"MINT for our future","publisher":{"@id":"https:\/\/ingch.ch\/fr\/#organization"},"potentialAction":[{"@type":"SearchAction","target":{"@type":"EntryPoint","urlTemplate":"https:\/\/ingch.ch\/fr\/?s={search_term_string}"},"query-input":{"@type":"PropertyValueSpecification","valueRequired":true,"valueName":"search_term_string"}}],"inLanguage":"fr-FR"},{"@type":"Organization","@id":"https:\/\/ingch.ch\/fr\/#organization","name":"IngCH Engineers Shape our Future","url":"https:\/\/ingch.ch\/fr\/","logo":{"@type":"ImageObject","inLanguage":"fr-FR","@id":"https:\/\/ingch.ch\/fr\/#\/schema\/logo\/image\/","url":"https:\/\/ingch.ch\/wp\/wp-content\/uploads\/2021\/06\/ingch_logo-RGB.svg","contentUrl":"https:\/\/ingch.ch\/wp\/wp-content\/uploads\/2021\/06\/ingch_logo-RGB.svg","width":"156","height":"87","caption":"IngCH Engineers Shape our Future"},"image":{"@id":"https:\/\/ingch.ch\/fr\/#\/schema\/logo\/image\/"},"sameAs":["https:\/\/facebook.com\/ingch2\/","https:\/\/www.youtube.com\/user\/IngCH2"]}]}},"_links":{"self":[{"href":"https:\/\/ingch.ch\/fr\/wp-json\/wp\/v2\/pages\/4467","targetHints":{"allow":["GET"]}}],"collection":[{"href":"https:\/\/ingch.ch\/fr\/wp-json\/wp\/v2\/pages"}],"about":[{"href":"https:\/\/ingch.ch\/fr\/wp-json\/wp\/v2\/types\/page"}],"author":[{"embeddable":true,"href":"https:\/\/ingch.ch\/fr\/wp-json\/wp\/v2\/users\/2"}],"replies":[{"embeddable":true,"href":"https:\/\/ingch.ch\/fr\/wp-json\/wp\/v2\/comments?post=4467"}],"version-history":[{"count":3,"href":"https:\/\/ingch.ch\/fr\/wp-json\/wp\/v2\/pages\/4467\/revisions"}],"predecessor-version":[{"id":8377,"href":"https:\/\/ingch.ch\/fr\/wp-json\/wp\/v2\/pages\/4467\/revisions\/8377"}],"wp:attachment":[{"href":"https:\/\/ingch.ch\/fr\/wp-json\/wp\/v2\/media?parent=4467"}],"curies":[{"name":"wp","href":"https:\/\/api.w.org\/{rel}","templated":true}]}}